{"id":6908,"date":"2026-01-28T00:27:17","date_gmt":"2026-01-28T08:27:17","guid":{"rendered":"https:\/\/www.reformatustemplom.com\/?page_id=6908"},"modified":"2026-01-28T00:27:17","modified_gmt":"2026-01-28T08:27:17","slug":"esemenynaptar-2026","status":"publish","type":"page","link":"https:\/\/www.reformatustemplom.com\/hu\/esemenynaptar-2026\/","title":{"rendered":"Esem\u00e9nynapt\u00e1r 2026"},"content":{"rendered":"<table width=\"655\">\n<tbody>\n<tr>\n<td style=\"font-weight: 400;\" width=\"94\">Janu\u00e1r 25<\/td>\n<td style=\"font-weight: 400;\" width=\"156\">vas\u00e1rnap 1:00 PM<\/td>\n<td style=\"font-weight: 400;\" width=\"405\">Gy\u00fclekezeti K\u00f6zgy\u0171l\u00e9s<\/td>\n<\/tr>\n<tr>\n<td style=\"font-weight: 400;\">Febru\u00e1r 22<\/td>\n<td style=\"font-weight: 400;\">vas\u00e1rnap 11:00 AM<\/td>\n<td style=\"font-weight: 400;\">B\u00f6jtf\u0151 \u00dcnnepi Istentisztelet \u00e9s \u00darvacsoraoszt\u00e1s<\/td>\n<\/tr>\n<tr>\n<td style=\"font-weight: 400;\">Febru\u00e1r 28<\/td>\n<td style=\"font-weight: 400;\">szombat 5:00 PM<\/td>\n<td style=\"font-weight: 400;\">Farsangi Diszn\u00f3toros Vacsora<\/td>\n<\/tr>\n<tr>\n<td style=\"font-weight: 400;\">M\u00e1rcius 15<\/td>\n<td style=\"font-weight: 400;\">vas\u00e1rnap 2:00 PM<\/td>\n<td style=\"font-weight: 400;\">1848. m\u00e1rcius 15-i Nemzeti \u00dcnnep \u2013 Reform\u00e1tus Egyh\u00e1z<\/td>\n<\/tr>\n<tr>\n<td style=\"font-weight: 400;\">M\u00e1rcius 29<\/td>\n<td style=\"font-weight: 400;\">vas\u00e1rnap 11:00 AM<\/td>\n<td style=\"font-weight: 400;\">Vir\u00e1gvas\u00e1rnapi \u00dcnnepi Istentisztelet<\/td>\n<\/tr>\n<tr>\n<td style=\"font-weight: 400;\">\u00c1prilis 03<\/td>\n<td style=\"font-weight: 400;\">p\u00e9ntek 7:00 PM<\/td>\n<td style=\"font-weight: 400;\">Nagyp\u00e9nteki Istentisztelet<\/td>\n<\/tr>\n<tr>\n<td style=\"font-weight: 400;\">\u00c1prilis 05<\/td>\n<td style=\"font-weight: 400;\">vas\u00e1rnap 11:00 AM<\/td>\n<td style=\"font-weight: 400;\">H\u00fasv\u00e9t \u00dcnnepi Istentisztelet \u00e9s \u00darvacsoraoszt\u00e1s<\/td>\n<\/tr>\n<tr>\n<td style=\"font-weight: 400;\">M\u00e1jus 03<\/td>\n<td style=\"font-weight: 400;\">vas\u00e1rnap 11:00 AM<\/td>\n<td style=\"font-weight: 400;\">Any\u00e1knapi Istentisztelet \u00e9s Gyermekm\u0171sor<\/td>\n<\/tr>\n<tr>\n<td style=\"font-weight: 400;\">M\u00e1jus 09<\/td>\n<td style=\"font-weight: 400;\">szombat<\/td>\n<td style=\"font-weight: 400;\">Hungarian Heritage Festival &#8211; Belmont<\/td>\n<\/tr>\n<tr>\n<td style=\"font-weight: 400;\">M\u00e1jus 24<\/td>\n<td style=\"font-weight: 400;\">vas\u00e1rnap 11:00 AM<\/td>\n<td style=\"font-weight: 400;\">P\u00fcnk\u00f6sd \u00dcnnepi Istentisztelet \u00e9s \u00darvacsoraoszt\u00e1s<\/td>\n<\/tr>\n<tr>\n<td style=\"font-weight: 400;\">J\u00fanius 07<\/td>\n<td style=\"font-weight: 400;\">vas\u00e1rnap 11:00 AM<\/td>\n<td style=\"font-weight: 400;\">Trianoni megeml\u00e9kez\u00e9s<\/td>\n<\/tr>\n<tr>\n<td style=\"font-weight: 400;\">J\u00fanius 20<\/td>\n<td style=\"font-weight: 400;\">szombat 12:00 &#8211; 5:00 PM<\/td>\n<td style=\"font-weight: 400;\">Ap\u00e1knapi Piknik<\/td>\n<\/tr>\n<tr>\n<td style=\"font-weight: 400;\">J\u00falius 05<\/td>\n<td style=\"font-weight: 400;\">vas\u00e1rnap 11:00 AM<\/td>\n<td style=\"font-weight: 400;\">4th of July &#8211; Amerika Nemzeti \u00dcnnepe<\/td>\n<\/tr>\n<tr>\n<td style=\"font-weight: 400;\">Augusztus 23<\/td>\n<td style=\"font-weight: 400;\">vas\u00e1rnap 1:00 PM<\/td>\n<td style=\"font-weight: 400;\">Aug. 20 \u00c1llamalap\u00edt\u00e1si \u00dcnnep &#8211; Golden Gate Park<\/td>\n<\/tr>\n<tr>\n<td style=\"font-weight: 400;\">Augusztus 30<\/td>\n<td style=\"font-weight: 400;\">vas\u00e1rnap 11:00 AM<\/td>\n<td style=\"font-weight: 400;\">\u00daj Keny\u00e9r \u00dcnnepi Istentisztelet \u00e9s \u00darvacsoraoszt\u00e1s<\/td>\n<\/tr>\n<tr>\n<td style=\"font-weight: 400;\">Okt\u00f3ber 04<\/td>\n<td style=\"font-weight: 400;\">vas\u00e1rnap 11:00 AM<\/td>\n<td style=\"font-weight: 400;\">Megeml\u00e9kez\u00e9s az Aradi V\u00e9rtan\u00fakr\u00f3l<\/td>\n<\/tr>\n<tr>\n<td style=\"font-weight: 400;\">Okt\u00f3ber 24<\/td>\n<td style=\"font-weight: 400;\">szombat 5:00 PM<\/td>\n<td style=\"font-weight: 400;\">1956. okt. 23-i Megeml\u00e9kez\u00e9s \u00e9s Szabads\u00e1g-Serleg Vacsora<\/td>\n<\/tr>\n<tr>\n<td style=\"font-weight: 400;\">November 01<\/td>\n<td style=\"font-weight: 400;\">vas\u00e1rnap 11:00 AM<\/td>\n<td style=\"font-weight: 400;\">Reform\u00e1ci\u00f3 \u00dcnnepi Istentisztelet \u00e9s \u00darvacsoraoszt\u00e1s<\/td>\n<\/tr>\n<tr>\n<td style=\"font-weight: 400;\">November 29<\/td>\n<td style=\"font-weight: 400;\">vas\u00e1rnap 11:00 AM<\/td>\n<td style=\"font-weight: 400;\">Advent Els\u0151 Vas\u00e1rnapi \u00dcnnepi Istentisztelet \u00e9s \u00darvacsoraoszt\u00e1s<\/td>\n<\/tr>\n<tr>\n<td style=\"font-weight: 400;\">December 05<\/td>\n<td style=\"font-weight: 400;\">szombat 5:00 PM<\/td>\n<td style=\"font-weight: 400;\">Mikul\u00e1si Diszn\u00f3toros Vacsora<\/td>\n<\/tr>\n<tr>\n<td style=\"font-weight: 400;\">December 13<\/td>\n<td style=\"font-weight: 400;\">vas\u00e1rnap 11:00 AM<\/td>\n<td style=\"font-weight: 400;\">Cserk\u00e9sz Betlehemez\u00e9s<\/td>\n<\/tr>\n<tr>\n<td style=\"font-weight: 400;\">December 20<\/td>\n<td style=\"font-weight: 400;\">vas\u00e1rnap 11:00 AM<\/td>\n<td style=\"font-weight: 400;\">Kar\u00e1csonyi Gyermekm\u0171sor \u00e9s K\u00e1nt\u00e1l\u00e1s<\/td>\n<\/tr>\n<tr>\n<td style=\"font-weight: 400;\">December 25<\/td>\n<td style=\"font-weight: 400;\">p\u00e9ntek 11:00 AM<\/td>\n<td style=\"font-weight: 400;\">Kar\u00e1csonyi \u00dcnnepi Istentisztelet \u00e9s \u00darvacsoraoszt\u00e1s<\/td>\n<\/tr>\n<tr>\n<td style=\"font-weight: 400;\">December 27<\/td>\n<td style=\"font-weight: 400;\">vas\u00e1rnap 11:00 AM<\/td>\n<td style=\"font-weight: 400;\">\u00d3\u00e9vi istentisztelet<\/td>\n<\/tr>\n<tr>\n<td style=\"font-weight: 400;\">2027. janu\u00e1r 3<\/td>\n<td style=\"font-weight: 400;\">vas\u00e1rnap 11:00 AM<\/td>\n<td style=\"font-weight: 400;\">\u00daj\u00e9vi istentisztelet<\/td>\n<\/tr>\n<\/tbody>\n<\/table>\n","protected":false},"excerpt":{"rendered":"<p>Janu\u00e1r 25 vas\u00e1rnap 1:00 PM Gy\u00fclekezeti K\u00f6zgy\u0171l\u00e9s Febru\u00e1r 22 vas\u00e1rnap 11:00 AM B\u00f6jtf\u0151 \u00dcnnepi Istentisztelet \u00e9s \u00darvacsoraoszt\u00e1s Febru\u00e1r 28 szombat 5:00 PM Farsangi Diszn\u00f3toros Vacsora M\u00e1rcius 15 vas\u00e1rnap 2:00 PM 1848. m\u00e1rcius 15-i Nemzeti \u00dcnnep \u2013 Reform\u00e1tus Egyh\u00e1z M\u00e1rcius 29 vas\u00e1rnap 11:00 AM Vir\u00e1gvas\u00e1rnapi \u00dcnnepi Istentisztelet \u00c1prilis 03 p\u00e9ntek 7:00 PM Nagyp\u00e9nteki Istentisztelet \u00c1prilis 05 [&hellip;]<\/p>\n","protected":false},"author":2,"featured_media":0,"parent":0,"menu_order":0,"comment_status":"closed","ping_status":"closed","template":"","meta":{"nf_dc_page":"","footnotes":""},"class_list":["post-6908","page","type-page","status-publish","hentry"],"jetpack_shortlink":"https:\/\/wp.me\/P9Ojbt-1Nq","jetpack_sharing_enabled":true,"meta_box":{"imic_strict_no_header":"0","imic_page_topbar_show":"","imic_page_specific_header":"","imic_page_logo_image":[],"imic_page_retina_logo_image":[],"imic_page_retina_logo_image_width":"","imic_page_retina_logo_image_height":"","imic_page_layout":"","imic_content_width":"","imic_content_padding_top":"","imic_content_padding_bottom":"","imic_pages_body_bg_color":"","imic_pages_body_bg_image":[],"imic_pages_body_bg_wide":"0","imic_pages_body_bg_repeat":"repeat","imic_pages_content_bg_color":"","imic_pages_content_bg_image":[],"imic_pages_content_bg_wide":"0","imic_pages_content_bg_repeat":"repeat","imic_page_header_show":"1","imic_pages_Choose_slider_display":"0","imic_header_image":[],"imic_pages_select_revolution_from_list":"","imic_pages_select_smart_from_list":"","imic_pages_slider_height":"","imic_pages_slider_image":[],"imic_pages_slider_auto_slide":"yes","imic_pages_slider_speed":"","imic_pages_slider_pagination":"yes","imic_pages_slider_direction_arrows":"yes","imic_pages_slider_effects":"fade","imic_pages_banner_color":"","imic_pages_breadcrumb_show":"1","imic_pages_title_show":"1","imic_pages_banner_bg_color":"","imic_post_page_custom_title":"","imic_pages_banner_text_color":"","imic_pages_title_alignment":"","imic_page_social_share":"1","imic_select_sidebar_from_list":"","imic_select_sidebar_position":"","imic_contact_email":"templom@reformatustemplom.com","imic_contact_subject":"","imic_our_location_text":"","imic_contact_map_display":"no","imic_contact_map_box_code":"","imic_Choose_slider_display":"0","imic_select_smart_from_list":"","imic_select_revolution_from_list":"","imic_slider_image":[],"imic_slider_auto_slide":"yes","imic_slider_speed":"","imic_slider_pagination":"yes","imic_slider_direction_arrows":"yes","imic_slider_effects":"fade","imic_switch_categories_post":"1","imic_category_to_show_on_home":["2"],"imic_number_of_post_cat":[],"imic_upcoming_area":"1","imic_latest_sermon_events_to_show_on":"letest_event","imic_custom_text_message":"","imic_advanced_event_taxonomy":[],"imic_going_on_events":"1","imic_custom_going_on_events_title":"","imic_advanced_sermons_category":[],"imic_all_event_sermon_url":"","imic_imic_featured_blocks":"1","imic_home_featured_blocks":"","imic_home_row_featured_blocks":[],"imic_home_featured_blocks1":"","imic_home_featured_blocks2":"","imic_home_featured_blocks3":"","imic_imic_upcoming_events":"1","imic_upcoming_event_taxonomy":[],"imic_custom_upcoming_events_title":"","imic_events_to_show_on":"","imic_imic_recent_posts":"1","imic_recent_post_taxonomy":[],"imic_custom_latest_news_title":"","imic_posts_to_show_on":"","imic_recent_posts_rmbutton":"2","imic_recent_posts_rmbutton_text":"","imic_imic_galleries":"1","imic_home_gallery_taxonomy":[],"imic_custom_gallery_title":"","imic_custom_more_galleries_title":"","imic_custom_more_galleries_url":"","imic_galleries_to_show_on":"","imic_galleries_background_image":[],"imic_switch_sermon_album":"1","imic_custom_albums_title":"","imic_number_of_sermon_albums":"","imic_sermon_albums_url":"","imic_gallery_pagination_to_show_on":"","imic_gallery_pagination_columns_layout":"","imic_show_gallery_title":"0","imic_gallery_masonry_to_show_on":"","imic_show_gallery_title_masonry":"0","imic_gallery_filter_columns_layout":"3","imic_show_gallery_title_filter":"0","imic_advanced_gallery_taxonomy":[],"imic_advanced_event_list_taxonomy":[],"imic_advanced_post_taxonomy":[],"imic_advanced_blog_taxonomy":[],"imic_staff_to_show_on":"","imic_staff_grid_column":"4","imic_advanced_staff_taxonomy":[],"imic_staff_select_orderby":"ID","imic_staff_select_order":"ASC","imic_staff_excerpt_length":"","imic_events_timeline_view":"future","imic_event_timeline_per_page":"","imic_blog_masonry_thumbnails":"0","imic_albums_select_orderby":"count","imic_albums_select_order":"ASC","imic_sermon_categories_custom_order":[]},"_links":{"self":[{"href":"https:\/\/www.reformatustemplom.com\/hu\/wp-json\/wp\/v2\/pages\/6908","targetHints":{"allow":["GET"]}}],"collection":[{"href":"https:\/\/www.reformatustemplom.com\/hu\/wp-json\/wp\/v2\/pages"}],"about":[{"href":"https:\/\/www.reformatustemplom.com\/hu\/wp-json\/wp\/v2\/types\/page"}],"author":[{"embeddable":true,"href":"https:\/\/www.reformatustemplom.com\/hu\/wp-json\/wp\/v2\/users\/2"}],"replies":[{"embeddable":true,"href":"https:\/\/www.reformatustemplom.com\/hu\/wp-json\/wp\/v2\/comments?post=6908"}],"version-history":[{"count":1,"href":"https:\/\/www.reformatustemplom.com\/hu\/wp-json\/wp\/v2\/pages\/6908\/revisions"}],"predecessor-version":[{"id":6909,"href":"https:\/\/www.reformatustemplom.com\/hu\/wp-json\/wp\/v2\/pages\/6908\/revisions\/6909"}],"wp:attachment":[{"href":"https:\/\/www.reformatustemplom.com\/hu\/wp-json\/wp\/v2\/media?parent=6908"}],"curies":[{"name":"wp","href":"https:\/\/api.w.org\/{rel}","templated":true}]}}