{"id":5404,"date":"2021-12-15T22:44:04","date_gmt":"2021-12-16T06:44:04","guid":{"rendered":"https:\/\/www.reformatustemplom.com\/?page_id=5404"},"modified":"2023-03-23T09:18:58","modified_gmt":"2023-03-23T16:18:58","slug":"vasarnapi-ebed","status":"publish","type":"page","link":"https:\/\/www.reformatustemplom.com\/hu\/vasarnapi-ebed\/","title":{"rendered":"Vas\u00e1rnapi eb\u00e9d"},"content":{"rendered":"<p>K\u00e9rj\u00fck, t\u00f6ltse ki az al\u00e1bbi k\u00e9rd\u0151\u00edvet, hogy finom eb\u00e9ddel k\u00e9sz\u00fclhess\u00fcnk.<\/p>\n\n<div class=\"qrr-booking-form\">\n    <form method=\"POST\" action=\"\" v-if=\"!submitted\" @submit.prevent=\"onSubmit\" @keydown=\"clearError($event.target.name)\">\n\n        <fieldset><legend>Book a table<\/legend>                    <div class=\"qrr-text qrr-date\" :class=\"errorClass('qrr-date')\">\n                        <label for=\"qrr-date\"><i class=\"fa fa-calendar\"><\/i>Date<\/label>\n                        <input type=\"hidden\" name=\"label_qrr-date\" value=\"Date\">\n                        <vue-pickadate id=\"qrr-date\" name=\"qrr-date\" v-model=\"booking.date\" :options=\"app_qrr.form\"><\/vue-pickadate>\n                        <div class=\"description\"><\/div>\n                    <\/div>\n                                    <div class=\"qrr-text qrr-party\" :class=\"errorClass('qrr-party')\">\n                        <label for=\"qrr-party\"><i class=\"fa fa-users\"><\/i>Party<\/label>\n                        <input type=\"hidden\" name=\"label_qrr-party\" value=\"Party\">\n                        <select v-if=\"step >= 1\" type=\"text\" name=\"qrr-party\" id=\"qrr-party\" value=\"\" required=\"\" aria-required=\"true\" v-model=\"booking.party\">\n                            <option value=\"1\">1<\/option><option value=\"2\">2<\/option><option value=\"3\">3<\/option><option value=\"4\">4<\/option><option value=\"5\">5<\/option><option value=\"6\">6<\/option><option value=\"7\">7<\/option><option value=\"8\">8<\/option>                        <\/select>\n                        <div v-if=\"!(step >= 1)\">-<\/div>\n                        <div v-if=\"step >= 1\" class=\"description\"><\/div>\n                    <\/div>\n                                    <div class=\"qrr-text qrr-time\" :class=\"errorClass('qrr-time')\">\n                        <label for=\"qrr-time\"><i class=\"fa fa-clock-o\"><\/i>Time<\/label>\n                        <input type=\"hidden\" name=\"label_qrr-time\" value=\"Time\">\n                        <div v-if=\"step >= 2\">\n                            <span v-if=\"loading_hours\"><img data-recalc-dims=\"1\" decoding=\"async\" class=\"spinner\" src=\"https:\/\/i0.wp.com\/www.reformatustemplom.com\/wp-content\/plugins\/quick-restaurant-reservations\/assets\/img\/spinner_2.gif?w=680&#038;ssl=1\"><\/span>\n                            <span v-if=\"!loading_hours\">\n                                <span v-if=\"hours_is_available\">\n                                    <select name=\"qrr-time\" id=\"qrr-time\" required=\"\" aria-required=\"true\" v-model=\"booking.hour\">\n\n                                        <optgroup v-for=\"group in hours_available\" :label=\"group.label\">\n                                            <option v-for=\"option in group.list\" :value=\"option.value\">{{option.name}}<\/option>\n                                        <\/optgroup>\n\n                                    <\/select>\n                                <\/span>\n                                <span v-if=\"!hours_is_available\">\n                                    <div v-html=\"hours_message\"><\/div>\n                                <\/span>\n                            <\/span>\n                        <\/div>\n                        <div v-if=\"!(step >= 2)\">-<\/div>\n                        <div v-if=\"step >= 2\" class=\"description\"><\/div>\n                    <\/div>\n                <\/fieldset><fieldset v-if=\"step >= 3 && !loading_hours\"><legend>Contact<\/legend>                    <div class=\"qrr-text name\" :class=\"errorClass('qrr-name')\">\n                        <label for=\"qrr-name\">Name *<\/label>\n                        <input type=\"hidden\" name=\"label_qrr-name\" value=\"Name\">\n                        <input type=\"text\" name=\"qrr-name\" id=\"qrr-name\" value=\"\" required=\"\" aria-required=\"true\" v-model=\"booking.name\">\n                        <div class=\"qrr-error-valid\" v-if=\"has('qrr-name')\"><span v-text=\"validation['qrr-name']\"><\/span><\/div>\n                        <div class=\"description\"><\/div>\n                    <\/div>\n                                    <div class=\"qrr-text email\" :class=\"errorClass('qrr-email')\">\n                        <label for=\"qrr-email\">Email *<\/label>\n                        <input type=\"hidden\" name=\"label_qrr-email\" value=\"Email\">\n                        <input type=\"email\" name=\"qrr-email\" id=\"qrr-email\" value=\"\" required=\"\" aria-required=\"true\" v-model=\"booking.email\">\n                        <div class=\"qrr-error-valid\" v-if=\"has('qrr-email')\"><span v-text=\"validation['qrr-email']\"><\/span><\/div>\n                        <div class=\"description\"><\/div>\n                    <\/div>\n                                    <div class=\"qrr-text phone\" :class=\"errorClass('qrr-phone')\">\n                                <label for=\"qrr-phone\">Phone<\/label>\n        <input type=\"hidden\" name=\"label_qrr-phone\" value=\"Phone\">\n        <input type=\"hidden\" name=\"type_qrr-phone\" value=\"phone\">\n                                <input type=\"text\" name=\"qrr-phone\" id=\"qrr-phone\" value=\"\" >\n                                <div class=\"qrr-error-valid\" v-if=\"has('qrr-phone')\"><span v-text=\"validation['qrr-phone']\"><\/span><\/div>\n        <div class=\"description\"><\/div>\n                            <\/div>\n                                    <div class=\"qrr-text textarea\" :class=\"errorClass('qrr-message')\">\n                                <label for=\"qrr-message\">Message<\/label>\n        <input type=\"hidden\" name=\"label_qrr-message\" value=\"Message\">\n        <input type=\"hidden\" name=\"type_qrr-message\" value=\"textarea\">\n                                <textarea name=\"qrr-message\" id=\"qrr-message\" ><\/textarea>\n                                <div class=\"qrr-error-valid\" v-if=\"has('qrr-message')\"><span v-text=\"validation['qrr-message']\"><\/span><\/div>\n        <div class=\"description\"><\/div>\n                            <\/div>\n                <\/fieldset>\n        <div v-if=\"step >= 3 && !loading_hours\" class=\"qrr-submit\">\n            <div v-if=\"!submitting\">\n                <button type=\"submit\">Request Booking<\/button>\n            <\/div>\n            <div v-if=\"submitting\">\n                <img data-recalc-dims=\"1\" decoding=\"async\" class=\"spinner\" src=\"https:\/\/i0.wp.com\/www.reformatustemplom.com\/wp-content\/plugins\/quick-restaurant-reservations\/assets\/img\/spinner_2.gif?w=680&#038;ssl=1\">\n                Sending request ....            <\/div>\n        <\/div>\n\n        \n    <\/form>\n\n    <div class=\"form-submitted\" v-if=\"submitted\" v-html=\"submitted_success_msg\"><\/div>\n\n    <div class=\"form-error\" v-html=\"submitted_error_msg\"><\/div>\n\n<\/div>\n\n\n<template id=\"vue-pickadate\">\n    <input type=\"text\" v-model=\"date.text\" :id=\"id\" :name=\"name\" required=\"\" aria-required=\"true\">\n<\/template>\n\n\n<template id=\"vue-select\">\n    <select :id=\"id\" :name=\"name\" class=\"\" v-model=\"selected\">\n        <option v-for=\"item in list\" :value=\"item.value\">{{item.name}}<\/option>\n    <\/select>\n<\/template>\n\n\n\n","protected":false},"excerpt":{"rendered":"<p>K\u00e9rj\u00fck, t\u00f6ltse ki az al\u00e1bbi k\u00e9rd\u0151\u00edvet, hogy finom eb\u00e9ddel k\u00e9sz\u00fclhess\u00fcnk.<\/p>\n","protected":false},"author":1,"featured_media":0,"parent":0,"menu_order":0,"comment_status":"closed","ping_status":"closed","template":"","meta":{"nf_dc_page":"","footnotes":""},"class_list":["post-5404","page","type-page","status-publish","hentry"],"jetpack_shortlink":"https:\/\/wp.me\/P9Ojbt-1pa","jetpack_sharing_enabled":true,"meta_box":{"imic_strict_no_header":"0","imic_page_topbar_show":"","imic_page_specific_header":"","imic_page_logo_image":[],"imic_page_retina_logo_image":[],"imic_page_retina_logo_image_width":"","imic_page_retina_logo_image_height":"","imic_page_layout":"","imic_content_width":"","imic_content_padding_top":"","imic_content_padding_bottom":"","imic_pages_body_bg_color":"","imic_pages_body_bg_image":[],"imic_pages_body_bg_wide":"0","imic_pages_body_bg_repeat":"repeat","imic_pages_content_bg_color":"","imic_pages_content_bg_image":[],"imic_pages_content_bg_wide":"0","imic_pages_content_bg_repeat":"repeat","imic_page_header_show":"1","imic_pages_Choose_slider_display":"0","imic_header_image":[],"imic_pages_select_revolution_from_list":"","imic_pages_select_smart_from_list":"","imic_pages_slider_height":"","imic_pages_slider_image":[],"imic_pages_slider_auto_slide":"yes","imic_pages_slider_speed":"","imic_pages_slider_pagination":"yes","imic_pages_slider_direction_arrows":"yes","imic_pages_slider_effects":"fade","imic_pages_banner_color":"","imic_pages_breadcrumb_show":"1","imic_pages_title_show":"1","imic_pages_banner_bg_color":"","imic_post_page_custom_title":"","imic_pages_banner_text_color":"","imic_pages_title_alignment":"","imic_page_social_share":"1","imic_select_sidebar_from_list":"","imic_select_sidebar_position":"","imic_contact_email":"templom@reformatustemplom.com","imic_contact_subject":"","imic_our_location_text":"","imic_contact_map_display":"no","imic_contact_map_box_code":"","imic_Choose_slider_display":"0","imic_select_smart_from_list":"","imic_select_revolution_from_list":"","imic_slider_image":[],"imic_slider_auto_slide":"yes","imic_slider_speed":"","imic_slider_pagination":"yes","imic_slider_direction_arrows":"yes","imic_slider_effects":"fade","imic_switch_categories_post":"1","imic_category_to_show_on_home":["2"],"imic_number_of_post_cat":[],"imic_upcoming_area":"1","imic_latest_sermon_events_to_show_on":"letest_event","imic_custom_text_message":"","imic_advanced_event_taxonomy":[],"imic_going_on_events":"1","imic_custom_going_on_events_title":"","imic_advanced_sermons_category":[],"imic_all_event_sermon_url":"","imic_imic_featured_blocks":"1","imic_home_featured_blocks":"","imic_home_row_featured_blocks":[],"imic_home_featured_blocks1":"","imic_home_featured_blocks2":"","imic_home_featured_blocks3":"","imic_imic_upcoming_events":"1","imic_upcoming_event_taxonomy":[],"imic_custom_upcoming_events_title":"","imic_events_to_show_on":"","imic_imic_recent_posts":"1","imic_recent_post_taxonomy":[],"imic_custom_latest_news_title":"","imic_posts_to_show_on":"","imic_recent_posts_rmbutton":"2","imic_recent_posts_rmbutton_text":"","imic_imic_galleries":"1","imic_home_gallery_taxonomy":[],"imic_custom_gallery_title":"","imic_custom_more_galleries_title":"","imic_custom_more_galleries_url":"","imic_galleries_to_show_on":"","imic_galleries_background_image":[],"imic_switch_sermon_album":"1","imic_custom_albums_title":"","imic_number_of_sermon_albums":"","imic_sermon_albums_url":"","imic_gallery_pagination_to_show_on":"","imic_gallery_pagination_columns_layout":"","imic_show_gallery_title":"0","imic_gallery_masonry_to_show_on":"","imic_show_gallery_title_masonry":"0","imic_gallery_filter_columns_layout":"3","imic_show_gallery_title_filter":"0","imic_advanced_gallery_taxonomy":[],"imic_advanced_event_list_taxonomy":[],"imic_advanced_post_taxonomy":[],"imic_advanced_blog_taxonomy":[],"imic_staff_to_show_on":"","imic_staff_grid_column":"4","imic_advanced_staff_taxonomy":[],"imic_staff_select_orderby":"ID","imic_staff_select_order":"ASC","imic_staff_excerpt_length":"","imic_events_timeline_view":"future","imic_event_timeline_per_page":"","imic_blog_masonry_thumbnails":"0","imic_albums_select_orderby":"count","imic_albums_select_order":"ASC","imic_sermon_categories_custom_order":[]},"_links":{"self":[{"href":"https:\/\/www.reformatustemplom.com\/hu\/wp-json\/wp\/v2\/pages\/5404","targetHints":{"allow":["GET"]}}],"collection":[{"href":"https:\/\/www.reformatustemplom.com\/hu\/wp-json\/wp\/v2\/pages"}],"about":[{"href":"https:\/\/www.reformatustemplom.com\/hu\/wp-json\/wp\/v2\/types\/page"}],"author":[{"embeddable":true,"href":"https:\/\/www.reformatustemplom.com\/hu\/wp-json\/wp\/v2\/users\/1"}],"replies":[{"embeddable":true,"href":"https:\/\/www.reformatustemplom.com\/hu\/wp-json\/wp\/v2\/comments?post=5404"}],"version-history":[{"count":5,"href":"https:\/\/www.reformatustemplom.com\/hu\/wp-json\/wp\/v2\/pages\/5404\/revisions"}],"predecessor-version":[{"id":5854,"href":"https:\/\/www.reformatustemplom.com\/hu\/wp-json\/wp\/v2\/pages\/5404\/revisions\/5854"}],"wp:attachment":[{"href":"https:\/\/www.reformatustemplom.com\/hu\/wp-json\/wp\/v2\/media?parent=5404"}],"curies":[{"name":"wp","href":"https:\/\/api.w.org\/{rel}","templated":true}]}}