{"id":4467,"date":"2020-05-17T21:51:50","date_gmt":"2020-05-18T04:51:50","guid":{"rendered":"https:\/\/www.reformatustemplom.com\/?page_id=4467"},"modified":"2020-05-20T13:28:13","modified_gmt":"2020-05-20T20:28:13","slug":"kapcsolat","status":"publish","type":"page","link":"https:\/\/www.reformatustemplom.com\/hu\/kapcsolat\/","title":{"rendered":"Kapcsolat"},"content":{"rendered":"<p>H\u00e1l\u00e1sak vagyunk, hogy megtal\u00e1ltad Gy\u00fclekezet\u00fcnk. B\u00e1rmely k\u00e9rd\u00e9seddel fordulj hozz\u00e1nk.<\/p>\n<p>T\u00f6ltsd ki az al\u00e1bbi \u0171rlapot \u00e9s v\u00e1laszolunk amilyen gyorsan lehets\u00e9ges.<\/p>\n<div class=\"wpforms-container wpforms-container-full\" id=\"wpforms-4466\"><form id=\"wpforms-form-4466\" class=\"wpforms-validate wpforms-form\" data-formid=\"4466\" method=\"post\" enctype=\"multipart\/form-data\" action=\"\/hu\/wp-json\/wp\/v2\/pages\/4467\" data-token=\"0bb84387e0eddc61de55a33eafe72c1f\" data-token-time=\"1776957494\"><noscript class=\"wpforms-error-noscript\">Please enable JavaScript in your browser to complete this form.<\/noscript><div class=\"wpforms-field-container\"><div id=\"wpforms-4466-field_0-container\" class=\"wpforms-field wpforms-field-name\" data-field-id=\"0\"><label class=\"wpforms-field-label\" for=\"wpforms-4466-field_0\">N\u00e9v <span class=\"wpforms-required-label\">*<\/span><\/label><input type=\"text\" id=\"wpforms-4466-field_0\" class=\"wpforms-field-medium wpforms-field-required\" name=\"wpforms[fields][0]\" required><\/div><div id=\"wpforms-4466-field_1-container\" class=\"wpforms-field wpforms-field-email\" data-field-id=\"1\"><label class=\"wpforms-field-label\" for=\"wpforms-4466-field_1\">Email <span class=\"wpforms-required-label\">*<\/span><\/label><input type=\"email\" id=\"wpforms-4466-field_1\" class=\"wpforms-field-medium wpforms-field-required\" name=\"wpforms[fields][1]\" spellcheck=\"false\" required><\/div><div id=\"wpforms-4466-field_2-container\" class=\"wpforms-field wpforms-field-textarea\" data-field-id=\"2\"><label class=\"wpforms-field-label\" for=\"wpforms-4466-field_2\">\u00dczenet vagy megjegyz\u00e9s <span class=\"wpforms-required-label\">*<\/span><\/label><textarea id=\"wpforms-4466-field_2\" class=\"wpforms-field-medium wpforms-field-required\" name=\"wpforms[fields][2]\" required><\/textarea><\/div><\/div><!-- .wpforms-field-container --><div class=\"wpforms-field wpforms-field-hp\"><label for=\"wpforms-4466-field-hp\" class=\"wpforms-field-label\">Email<\/label><input type=\"text\" name=\"wpforms[hp]\" id=\"wpforms-4466-field-hp\" class=\"wpforms-field-medium\"><\/div><div class=\"wpforms-recaptcha-container wpforms-is-recaptcha wpforms-is-recaptcha-type-v3\" ><input type=\"hidden\" name=\"wpforms[recaptcha]\" value=\"\"><\/div><div class=\"wpforms-submit-container\" ><input type=\"hidden\" name=\"wpforms[id]\" value=\"4466\"><input type=\"hidden\" name=\"page_title\" value=\"\"><input type=\"hidden\" name=\"page_url\" value=\"https:\/\/www.reformatustemplom.com\/hu\/wp-json\/wp\/v2\/pages\/4467\"><input type=\"hidden\" name=\"url_referer\" value=\"\"><button type=\"submit\" name=\"wpforms[submit]\" id=\"wpforms-submit-4466\" class=\"wpforms-submit\" data-alt-text=\"Sending...\" data-submit-text=\"Send\" aria-live=\"assertive\" value=\"wpforms-submit\">Send<\/button><\/div><\/form><\/div>  <!-- .wpforms-container -->\n","protected":false},"excerpt":{"rendered":"<p>H\u00e1l\u00e1sak vagyunk, hogy megtal\u00e1ltad Gy\u00fclekezet\u00fcnk. B\u00e1rmely k\u00e9rd\u00e9seddel fordulj hozz\u00e1nk. T\u00f6ltsd ki az al\u00e1bbi \u0171rlapot \u00e9s v\u00e1laszolunk amilyen gyorsan lehets\u00e9ges.<\/p>\n","protected":false},"author":1,"featured_media":0,"parent":0,"menu_order":0,"comment_status":"closed","ping_status":"closed","template":"","meta":{"nf_dc_page":"","footnotes":""},"class_list":["post-4467","page","type-page","status-publish","hentry"],"jetpack_shortlink":"https:\/\/wp.me\/P9Ojbt-1a3","jetpack_sharing_enabled":true,"meta_box":{"imic_strict_no_header":"","imic_page_topbar_show":"","imic_page_specific_header":"","imic_page_logo_image":[],"imic_page_retina_logo_image":[],"imic_page_retina_logo_image_width":"","imic_page_retina_logo_image_height":"","imic_page_layout":"","imic_content_width":"","imic_content_padding_top":"","imic_content_padding_bottom":"","imic_pages_body_bg_color":"","imic_pages_body_bg_image":[],"imic_pages_body_bg_wide":"","imic_pages_body_bg_repeat":"","imic_pages_content_bg_color":"","imic_pages_content_bg_image":[],"imic_pages_content_bg_wide":"","imic_pages_content_bg_repeat":"","imic_page_header_show":"","imic_pages_Choose_slider_display":"0","imic_header_image":[{"width":150,"height":150,"file":"2020\/05\/selective-focus-photography-of-a-mailbox-2217613-scaled.jpg","sizes":{"woocommerce_thumbnail":{"file":"selective-focus-photography-of-a-mailbox-2217613-300x300.jpg","width":300,"height":300,"mime-type":"image\/jpeg","uncropped":false,"filesize":18655,"url":"https:\/\/www.reformatustemplom.com\/wp-content\/uploads\/2020\/05\/selective-focus-photography-of-a-mailbox-2217613-300x300.jpg"},"woocommerce_gallery_thumbnail":{"file":"selective-focus-photography-of-a-mailbox-2217613-100x100.jpg","width":100,"height":100,"mime-type":"image\/jpeg","filesize":3616,"url":"https:\/\/www.reformatustemplom.com\/wp-content\/uploads\/2020\/05\/selective-focus-photography-of-a-mailbox-2217613-100x100.jpg"},"woocommerce_single":{"file":"selective-focus-photography-of-a-mailbox-2217613-600x400.jpg","width":600,"height":400,"mime-type":"image\/jpeg","filesize":39192,"url":"https:\/\/www.reformatustemplom.com\/wp-content\/uploads\/2020\/05\/selective-focus-photography-of-a-mailbox-2217613-600x400.jpg"},"medium":{"file":"selective-focus-photography-of-a-mailbox-2217613-300x200.jpg","width":300,"height":200,"mime-type":"image\/jpeg","filesize":14414,"url":"https:\/\/www.reformatustemplom.com\/wp-content\/uploads\/2020\/05\/selective-focus-photography-of-a-mailbox-2217613-300x200.jpg"},"large":{"file":"selective-focus-photography-of-a-mailbox-2217613-1024x683.jpg","width":1024,"height":683,"mime-type":"image\/jpeg","filesize":93346,"url":"https:\/\/www.reformatustemplom.com\/wp-content\/uploads\/2020\/05\/selective-focus-photography-of-a-mailbox-2217613-1024x683.jpg"},"thumbnail":{"file":"selective-focus-photography-of-a-mailbox-2217613-150x150.jpg","width":150,"height":150,"mime-type":"image\/jpeg","filesize":6593,"url":"https:\/\/www.reformatustemplom.com\/wp-content\/uploads\/2020\/05\/selective-focus-photography-of-a-mailbox-2217613-150x150.jpg"},"medium_large":{"file":"selective-focus-photography-of-a-mailbox-2217613-768x512.jpg","width":768,"height":512,"mime-type":"image\/jpeg","filesize":60006,"url":"https:\/\/www.reformatustemplom.com\/wp-content\/uploads\/2020\/05\/selective-focus-photography-of-a-mailbox-2217613-768x512.jpg"},"1536x1536":{"file":"selective-focus-photography-of-a-mailbox-2217613-1536x1024.jpg","width":1536,"height":1024,"mime-type":"image\/jpeg","filesize":188826,"url":"https:\/\/www.reformatustemplom.com\/wp-content\/uploads\/2020\/05\/selective-focus-photography-of-a-mailbox-2217613-1536x1024.jpg"},"2048x2048":{"file":"selective-focus-photography-of-a-mailbox-2217613-2048x1365.jpg","width":2048,"height":1365,"mime-type":"image\/jpeg","filesize":336400,"url":"https:\/\/www.reformatustemplom.com\/wp-content\/uploads\/2020\/05\/selective-focus-photography-of-a-mailbox-2217613-2048x1365.jpg"},"600x400":{"file":"selective-focus-photography-of-a-mailbox-2217613-600x400.jpg","width":600,"height":400,"mime-type":"image\/jpeg","filesize":39192,"url":"https:\/\/www.reformatustemplom.com\/wp-content\/uploads\/2020\/05\/selective-focus-photography-of-a-mailbox-2217613-600x400.jpg"},"1000x800":{"file":"selective-focus-photography-of-a-mailbox-2217613-1000x800.jpg","width":1000,"height":800,"mime-type":"image\/jpeg","filesize":99124,"url":"https:\/\/www.reformatustemplom.com\/wp-content\/uploads\/2020\/05\/selective-focus-photography-of-a-mailbox-2217613-1000x800.jpg"},"post-thumbnail":{"file":"selective-focus-photography-of-a-mailbox-2217613-958x639.jpg","width":958,"height":639,"mime-type":"image\/jpeg","filesize":85435,"url":"https:\/\/www.reformatustemplom.com\/wp-content\/uploads\/2020\/05\/selective-focus-photography-of-a-mailbox-2217613-958x639.jpg"},"sow-carousel-default":{"file":"selective-focus-photography-of-a-mailbox-2217613-272x182.jpg","width":272,"height":182,"mime-type":"image\/jpeg","filesize":12441,"url":"https:\/\/www.reformatustemplom.com\/wp-content\/uploads\/2020\/05\/selective-focus-photography-of-a-mailbox-2217613-272x182.jpg"}},"image_meta":{"aperture":"0","credit":"","camera":"","caption":"","created_timestamp":"0","copyright":"","focal_length":"0","iso":"0","shutter_speed":"0","title":"","orientation":"0","keywords":[]},"original_image":"selective-focus-photography-of-a-mailbox-2217613.jpg","filesize":531021,"ID":"4464","name":"selective-focus-photography-of-a-mailbox-2217613-scaled.jpg","path":"\/home2\/zoltan35\/public_html\/wp-content\/uploads\/2020\/05\/selective-focus-photography-of-a-mailbox-2217613-scaled.jpg","url":"https:\/\/i0.wp.com\/www.reformatustemplom.com\/wp-content\/uploads\/2020\/05\/selective-focus-photography-of-a-mailbox-2217613-scaled.jpg?resize=150%2C150&ssl=1","full_url":"https:\/\/www.reformatustemplom.com\/wp-content\/uploads\/2020\/05\/selective-focus-photography-of-a-mailbox-2217613-scaled.jpg","title":"selective-focus-photography-of-a-mailbox-2217613","caption":"","description":"","alt":"","srcset":"https:\/\/i0.wp.com\/www.reformatustemplom.com\/wp-content\/uploads\/2020\/05\/selective-focus-photography-of-a-mailbox-2217613-scaled.jpg?resize=300%2C300&ssl=1 300w, https:\/\/i0.wp.com\/www.reformatustemplom.com\/wp-content\/uploads\/2020\/05\/selective-focus-photography-of-a-mailbox-2217613-scaled.jpg?resize=100%2C100&ssl=1 100w, https:\/\/i0.wp.com\/www.reformatustemplom.com\/wp-content\/uploads\/2020\/05\/selective-focus-photography-of-a-mailbox-2217613-scaled.jpg?resize=150%2C150&ssl=1 150w, https:\/\/i0.wp.com\/www.reformatustemplom.com\/wp-content\/uploads\/2020\/05\/selective-focus-photography-of-a-mailbox-2217613-scaled.jpg?zoom=3&resize=150%2C150&ssl=1 450w"}],"imic_pages_select_revolution_from_list":"","imic_pages_select_smart_from_list":"","imic_pages_slider_height":"","imic_pages_slider_image":[],"imic_pages_slider_auto_slide":"yes","imic_pages_slider_speed":"","imic_pages_slider_pagination":"yes","imic_pages_slider_direction_arrows":"yes","imic_pages_slider_effects":"fade","imic_pages_banner_color":"","imic_pages_breadcrumb_show":"","imic_pages_title_show":"","imic_pages_banner_bg_color":"","imic_post_page_custom_title":"","imic_pages_banner_text_color":"","imic_pages_title_alignment":"","imic_page_social_share":"","imic_select_sidebar_from_list":"","imic_select_sidebar_position":"","imic_contact_email":"velinszkylaci@gmail.com","imic_contact_subject":"","imic_our_location_text":"","imic_contact_map_display":"no","imic_contact_map_box_code":"","imic_Choose_slider_display":"0","imic_select_smart_from_list":"","imic_select_revolution_from_list":"","imic_slider_image":[],"imic_slider_auto_slide":"yes","imic_slider_speed":"","imic_slider_pagination":"yes","imic_slider_direction_arrows":"yes","imic_slider_effects":"fade","imic_switch_categories_post":"1","imic_category_to_show_on_home":["2"],"imic_number_of_post_cat":[],"imic_upcoming_area":"1","imic_latest_sermon_events_to_show_on":"letest_event","imic_custom_text_message":"","imic_advanced_event_taxonomy":[],"imic_going_on_events":"1","imic_custom_going_on_events_title":"","imic_advanced_sermons_category":[],"imic_all_event_sermon_url":"","imic_imic_featured_blocks":"1","imic_home_featured_blocks":"","imic_home_row_featured_blocks":[],"imic_home_featured_blocks1":"","imic_home_featured_blocks2":"","imic_home_featured_blocks3":"","imic_imic_upcoming_events":"1","imic_upcoming_event_taxonomy":[],"imic_custom_upcoming_events_title":"","imic_events_to_show_on":"","imic_imic_recent_posts":"1","imic_recent_post_taxonomy":[],"imic_custom_latest_news_title":"","imic_posts_to_show_on":"","imic_recent_posts_rmbutton":"2","imic_recent_posts_rmbutton_text":"","imic_imic_galleries":"1","imic_home_gallery_taxonomy":[],"imic_custom_gallery_title":"","imic_custom_more_galleries_title":"","imic_custom_more_galleries_url":"","imic_galleries_to_show_on":"","imic_galleries_background_image":[],"imic_switch_sermon_album":"1","imic_custom_albums_title":"","imic_number_of_sermon_albums":"","imic_sermon_albums_url":"","imic_gallery_pagination_to_show_on":"","imic_gallery_pagination_columns_layout":"","imic_show_gallery_title":"0","imic_gallery_masonry_to_show_on":"","imic_show_gallery_title_masonry":"0","imic_gallery_filter_columns_layout":"3","imic_show_gallery_title_filter":"0","imic_advanced_gallery_taxonomy":[],"imic_advanced_event_list_taxonomy":[],"imic_advanced_post_taxonomy":[],"imic_advanced_blog_taxonomy":[],"imic_staff_to_show_on":"","imic_staff_grid_column":"4","imic_advanced_staff_taxonomy":[],"imic_staff_select_orderby":"ID","imic_staff_select_order":"ASC","imic_staff_excerpt_length":"","imic_events_timeline_view":"future","imic_event_timeline_per_page":"","imic_blog_masonry_thumbnails":"0","imic_albums_select_orderby":"count","imic_albums_select_order":"ASC","imic_sermon_categories_custom_order":[]},"_links":{"self":[{"href":"https:\/\/www.reformatustemplom.com\/hu\/wp-json\/wp\/v2\/pages\/4467","targetHints":{"allow":["GET"]}}],"collection":[{"href":"https:\/\/www.reformatustemplom.com\/hu\/wp-json\/wp\/v2\/pages"}],"about":[{"href":"https:\/\/www.reformatustemplom.com\/hu\/wp-json\/wp\/v2\/types\/page"}],"author":[{"embeddable":true,"href":"https:\/\/www.reformatustemplom.com\/hu\/wp-json\/wp\/v2\/users\/1"}],"replies":[{"embeddable":true,"href":"https:\/\/www.reformatustemplom.com\/hu\/wp-json\/wp\/v2\/comments?post=4467"}],"version-history":[{"count":2,"href":"https:\/\/www.reformatustemplom.com\/hu\/wp-json\/wp\/v2\/pages\/4467\/revisions"}],"predecessor-version":[{"id":4475,"href":"https:\/\/www.reformatustemplom.com\/hu\/wp-json\/wp\/v2\/pages\/4467\/revisions\/4475"}],"wp:attachment":[{"href":"https:\/\/www.reformatustemplom.com\/hu\/wp-json\/wp\/v2\/media?parent=4467"}],"curies":[{"name":"wp","href":"https:\/\/api.w.org\/{rel}","templated":true}]}}