{"id":4007,"date":"2020-02-07T17:57:36","date_gmt":"2020-02-08T01:57:36","guid":{"rendered":"https:\/\/www.reformatustemplom.com\/?page_id=4007"},"modified":"2020-02-13T23:39:02","modified_gmt":"2020-02-14T07:39:02","slug":"gyereksarok","status":"publish","type":"page","link":"https:\/\/www.reformatustemplom.com\/hu\/gyereksarok\/","title":{"rendered":"Gyereksarok"},"content":{"rendered":"<h3><a href=\"https:\/\/i0.wp.com\/www.reformatustemplom.com\/wp-content\/uploads\/2020\/01\/20191221_141711.jpg?ssl=1\"><img data-recalc-dims=\"1\" decoding=\"async\" loading=\"lazy\" class=\"wp-image-3940 size-large alignleft\" src=\"https:\/\/i0.wp.com\/www.reformatustemplom.com\/wp-content\/uploads\/2020\/01\/20191221_141711.jpg?resize=680%2C331&#038;ssl=1\" alt=\"\" width=\"680\" height=\"331\" srcset=\"https:\/\/i0.wp.com\/www.reformatustemplom.com\/wp-content\/uploads\/2020\/01\/20191221_141711-scaled.jpg?resize=1024%2C498&amp;ssl=1 1024w, https:\/\/i0.wp.com\/www.reformatustemplom.com\/wp-content\/uploads\/2020\/01\/20191221_141711-scaled.jpg?resize=600%2C292&amp;ssl=1 600w, https:\/\/i0.wp.com\/www.reformatustemplom.com\/wp-content\/uploads\/2020\/01\/20191221_141711-scaled.jpg?resize=300%2C146&amp;ssl=1 300w, https:\/\/i0.wp.com\/www.reformatustemplom.com\/wp-content\/uploads\/2020\/01\/20191221_141711-scaled.jpg?resize=768%2C373&amp;ssl=1 768w, https:\/\/i0.wp.com\/www.reformatustemplom.com\/wp-content\/uploads\/2020\/01\/20191221_141711-scaled.jpg?resize=1536%2C747&amp;ssl=1 1536w, https:\/\/i0.wp.com\/www.reformatustemplom.com\/wp-content\/uploads\/2020\/01\/20191221_141711-scaled.jpg?resize=2048%2C996&amp;ssl=1 2048w, https:\/\/i0.wp.com\/www.reformatustemplom.com\/wp-content\/uploads\/2020\/01\/20191221_141711-scaled.jpg?resize=958%2C466&amp;ssl=1 958w, https:\/\/i0.wp.com\/www.reformatustemplom.com\/wp-content\/uploads\/2020\/01\/20191221_141711-scaled.jpg?w=1360&amp;ssl=1 1360w\"  sizes=\"(max-width: 680px) 100vw, 680px\" \/><\/a>Mi a gyereksarok?<\/h3>\n<p>K\u00e1lvin J\u00e1nos szavaival \u00e9lve &#8220;Isten Ig\u00e9je t\u00fck\u00f6r, f\u00e9k \u00e9s \u00f6szt\u00f6ke a sz\u00e1munkra&#8221;. E tan\u00edt\u00e1s k\u00f6zvet\u00edt\u00e9se\u00a0a c\u00e9lunk a gyereksarkon val\u00f3 foglalkoz\u00e1sokon is.<\/p>\n<p>Isten Ig\u00e9j\u00e9nek a magj\u00e1t el\u00fcltetni a gyermekek sz\u00edv\u00e9ben, hogy az t\u00fck\u00f6rr\u00e9, f\u00e9kk\u00e9 \u00e9s \u00f6szt\u00f6k\u00e9v\u00e9 n\u0151je ki mag\u00e1t<strong>:<\/strong><\/p>\n<p><strong>Legyen t\u00fck\u00f6r!<\/strong> Amiben a gyermek felismerheti \u00f6nmag\u00e1t \u00e9s \u00f6nbizalmat nyerhet(nek) bel\u0151le. Mit is jelent ez egy gyermek sz\u00e1m\u00e1ra? Hogy Isten szeret. Hogy \u0150 maga a szeretet.\u00a0\u00a0Hogy Szeret engem \u00e9s hogy \u00e9rt\u00e9kes vagyok a sz\u00e1m\u00e1ra.<\/p>\n<p><strong>Legyen f\u00e9k!<\/strong> Az a gyermek, aki tud Isten mindhat\u00f3s\u00e1g\u00e1r\u00f3l, minden tud\u00e1s\u00e1r\u00f3l, mindent l\u00e1t\u00e1s\u00e1r\u00f3l egyenes lesz, hiszen tudja, Isten el\u0151l semmit sem lehet elrejteni. \u0150 a sz\u00edvek vizsg\u00e1l\u00f3ja.<\/p>\n<p><strong>Legyen \u00f6szt\u00f6ke!<\/strong> Ind\u00edtson arra, hogy egyre ink\u00e1bb a Teremt\u0151nk k\u00e9pm\u00e1s\u00e1ra v\u00e1ljunk.<\/p>\n<p>Tessz\u00fck mindezt vid\u00e1man \u00e9s j\u00e1t\u00e9kosan,\u00a0egy-egy\u00a0bibliai t\u00f6rt\u00e9net felolvas\u00e1sa ut\u00e1n<strong>.<\/strong> Besz\u00e9lget\u00fcnk a hallottakr\u00f3l, j\u00e1tszunk, k\u00e9zm\u0171vesked\u00fcnk \u00e9s \u00f6r\u00fcl\u00fcnk, hogy egy\u00fctt lehet\u00fcnk.<br \/>\nA gyereksarok fogalkoz\u00e1sokat a gy\u00fclekezet fiatal csal\u00e1dos tagjai tartj\u00e1k k\u00e9t hetente vas\u00e1rnaponk\u00e9nt, hittanoktat\u00f3i seg\u00e9danyag felhaszn\u00e1l\u00e1s\u00e1val.<br \/>\n&#8230;..Na \u00e9s persze a Szentl\u00e9lek seg\u00edts\u00e9g\u00e9vel.<\/p>\n<p>V\u00e1runk mindenkit szeretettel!<\/p>\n<p style=\"text-align: center;\"><em> ApCsel 10:33b: J\u00f3l tetted, hogy elj\u00f6tt\u00e9l!<\/em><\/p>\n<hr \/>\n<p><img data-recalc-dims=\"1\" decoding=\"async\" width=\"680\" height=\"152\" loading=\"lazy\" class=\"alignnone size-full wp-image-3936\" src=\"https:\/\/i0.wp.com\/www.reformatustemplom.com\/wp-content\/uploads\/2020\/01\/megvalosult_a_magyar_kormany_tamogatasaval_bga_alap.jpg?resize=680%2C152&#038;ssl=1\" alt=\"\" srcset=\"https:\/\/i0.wp.com\/www.reformatustemplom.com\/wp-content\/uploads\/2020\/01\/megvalosult_a_magyar_kormany_tamogatasaval_bga_alap.jpg?w=2244&amp;ssl=1 2244w, https:\/\/i0.wp.com\/www.reformatustemplom.com\/wp-content\/uploads\/2020\/01\/megvalosult_a_magyar_kormany_tamogatasaval_bga_alap.jpg?resize=600%2C134&amp;ssl=1 600w, https:\/\/i0.wp.com\/www.reformatustemplom.com\/wp-content\/uploads\/2020\/01\/megvalosult_a_magyar_kormany_tamogatasaval_bga_alap.jpg?resize=300%2C67&amp;ssl=1 300w, https:\/\/i0.wp.com\/www.reformatustemplom.com\/wp-content\/uploads\/2020\/01\/megvalosult_a_magyar_kormany_tamogatasaval_bga_alap.jpg?resize=1024%2C229&amp;ssl=1 1024w, https:\/\/i0.wp.com\/www.reformatustemplom.com\/wp-content\/uploads\/2020\/01\/megvalosult_a_magyar_kormany_tamogatasaval_bga_alap.jpg?resize=768%2C171&amp;ssl=1 768w, https:\/\/i0.wp.com\/www.reformatustemplom.com\/wp-content\/uploads\/2020\/01\/megvalosult_a_magyar_kormany_tamogatasaval_bga_alap.jpg?resize=1536%2C343&amp;ssl=1 1536w, https:\/\/i0.wp.com\/www.reformatustemplom.com\/wp-content\/uploads\/2020\/01\/megvalosult_a_magyar_kormany_tamogatasaval_bga_alap.jpg?resize=2048%2C457&amp;ssl=1 2048w, https:\/\/i0.wp.com\/www.reformatustemplom.com\/wp-content\/uploads\/2020\/01\/megvalosult_a_magyar_kormany_tamogatasaval_bga_alap.jpg?resize=958%2C214&amp;ssl=1 958w, https:\/\/i0.wp.com\/www.reformatustemplom.com\/wp-content\/uploads\/2020\/01\/megvalosult_a_magyar_kormany_tamogatasaval_bga_alap.jpg?w=1360&amp;ssl=1 1360w\"  sizes=\"(max-width: 680px) 100vw, 680px\" \/><\/p>\n","protected":false},"excerpt":{"rendered":"<p>Mi a gyereksarok? K\u00e1lvin J\u00e1nos szavaival \u00e9lve &#8220;Isten Ig\u00e9je t\u00fck\u00f6r, f\u00e9k \u00e9s \u00f6szt\u00f6ke a sz\u00e1munkra&#8221;. E tan\u00edt\u00e1s k\u00f6zvet\u00edt\u00e9se\u00a0a c\u00e9lunk a gyereksarkon val\u00f3 foglalkoz\u00e1sokon is. Isten Ig\u00e9j\u00e9nek a magj\u00e1t el\u00fcltetni a gyermekek sz\u00edv\u00e9ben, hogy az t\u00fck\u00f6rr\u00e9, f\u00e9kk\u00e9 \u00e9s \u00f6szt\u00f6k\u00e9v\u00e9 n\u0151je ki mag\u00e1t: Legyen t\u00fck\u00f6r! Amiben a gyermek felismerheti \u00f6nmag\u00e1t \u00e9s \u00f6nbizalmat nyerhet(nek) bel\u0151le. Mit is jelent [&hellip;]<\/p>\n","protected":false},"author":2,"featured_media":4043,"parent":0,"menu_order":0,"comment_status":"closed","ping_status":"closed","template":"","meta":{"nf_dc_page":"","footnotes":""},"class_list":["post-4007","page","type-page","status-publish","has-post-thumbnail","hentry"],"jetpack_shortlink":"https:\/\/wp.me\/P9Ojbt-12D","jetpack_sharing_enabled":true,"meta_box":{"imic_strict_no_header":"","imic_page_topbar_show":"","imic_page_specific_header":"","imic_page_logo_image":[],"imic_page_retina_logo_image":[],"imic_page_retina_logo_image_width":"","imic_page_retina_logo_image_height":"","imic_page_layout":"","imic_content_width":"","imic_content_padding_top":"","imic_content_padding_bottom":"","imic_pages_body_bg_color":"","imic_pages_body_bg_image":[],"imic_pages_body_bg_wide":"","imic_pages_body_bg_repeat":"","imic_pages_content_bg_color":"","imic_pages_content_bg_image":[],"imic_pages_content_bg_wide":"","imic_pages_content_bg_repeat":"","imic_page_header_show":"","imic_pages_Choose_slider_display":"0","imic_header_image":[],"imic_pages_select_revolution_from_list":"","imic_pages_select_smart_from_list":"","imic_pages_slider_height":"","imic_pages_slider_image":[],"imic_pages_slider_auto_slide":"yes","imic_pages_slider_speed":"","imic_pages_slider_pagination":"yes","imic_pages_slider_direction_arrows":"yes","imic_pages_slider_effects":"fade","imic_pages_banner_color":"","imic_pages_breadcrumb_show":"","imic_pages_title_show":"","imic_pages_banner_bg_color":"","imic_post_page_custom_title":"","imic_pages_banner_text_color":"","imic_pages_title_alignment":"","imic_page_social_share":"","imic_select_sidebar_from_list":"","imic_select_sidebar_position":"","imic_contact_email":"velinszkylaci@gmail.com","imic_contact_subject":"","imic_our_location_text":"","imic_contact_map_display":"no","imic_contact_map_box_code":"","imic_Choose_slider_display":"0","imic_select_smart_from_list":"","imic_select_revolution_from_list":"","imic_slider_image":[],"imic_slider_auto_slide":"yes","imic_slider_speed":"","imic_slider_pagination":"yes","imic_slider_direction_arrows":"yes","imic_slider_effects":"fade","imic_switch_categories_post":"1","imic_category_to_show_on_home":["2"],"imic_number_of_post_cat":[],"imic_upcoming_area":"1","imic_latest_sermon_events_to_show_on":"letest_event","imic_custom_text_message":"","imic_advanced_event_taxonomy":[],"imic_going_on_events":"1","imic_custom_going_on_events_title":"","imic_advanced_sermons_category":[],"imic_all_event_sermon_url":"","imic_imic_featured_blocks":"1","imic_home_featured_blocks":"","imic_home_row_featured_blocks":[],"imic_home_featured_blocks1":"","imic_home_featured_blocks2":"","imic_home_featured_blocks3":"","imic_imic_upcoming_events":"1","imic_upcoming_event_taxonomy":[],"imic_custom_upcoming_events_title":"","imic_events_to_show_on":"","imic_imic_recent_posts":"1","imic_recent_post_taxonomy":[],"imic_custom_latest_news_title":"","imic_posts_to_show_on":"","imic_recent_posts_rmbutton":"2","imic_recent_posts_rmbutton_text":"","imic_imic_galleries":"1","imic_home_gallery_taxonomy":[],"imic_custom_gallery_title":"","imic_custom_more_galleries_title":"","imic_custom_more_galleries_url":"","imic_galleries_to_show_on":"","imic_galleries_background_image":[],"imic_switch_sermon_album":"1","imic_custom_albums_title":"","imic_number_of_sermon_albums":"","imic_sermon_albums_url":"","imic_gallery_pagination_to_show_on":"","imic_gallery_pagination_columns_layout":"","imic_show_gallery_title":"0","imic_gallery_masonry_to_show_on":"","imic_show_gallery_title_masonry":"0","imic_gallery_filter_columns_layout":"3","imic_show_gallery_title_filter":"0","imic_advanced_gallery_taxonomy":[],"imic_advanced_event_list_taxonomy":[],"imic_advanced_post_taxonomy":[],"imic_advanced_blog_taxonomy":[],"imic_staff_to_show_on":"","imic_staff_grid_column":"4","imic_advanced_staff_taxonomy":[],"imic_staff_select_orderby":"ID","imic_staff_select_order":"ASC","imic_staff_excerpt_length":"","imic_events_timeline_view":"future","imic_event_timeline_per_page":"","imic_blog_masonry_thumbnails":"0","imic_albums_select_orderby":"count","imic_albums_select_order":"ASC","imic_sermon_categories_custom_order":[]},"_links":{"self":[{"href":"https:\/\/www.reformatustemplom.com\/hu\/wp-json\/wp\/v2\/pages\/4007","targetHints":{"allow":["GET"]}}],"collection":[{"href":"https:\/\/www.reformatustemplom.com\/hu\/wp-json\/wp\/v2\/pages"}],"about":[{"href":"https:\/\/www.reformatustemplom.com\/hu\/wp-json\/wp\/v2\/types\/page"}],"author":[{"embeddable":true,"href":"https:\/\/www.reformatustemplom.com\/hu\/wp-json\/wp\/v2\/users\/2"}],"replies":[{"embeddable":true,"href":"https:\/\/www.reformatustemplom.com\/hu\/wp-json\/wp\/v2\/comments?post=4007"}],"version-history":[{"count":4,"href":"https:\/\/www.reformatustemplom.com\/hu\/wp-json\/wp\/v2\/pages\/4007\/revisions"}],"predecessor-version":[{"id":4046,"href":"https:\/\/www.reformatustemplom.com\/hu\/wp-json\/wp\/v2\/pages\/4007\/revisions\/4046"}],"wp:featuredmedia":[{"embeddable":true,"href":"https:\/\/www.reformatustemplom.com\/hu\/wp-json\/wp\/v2\/media\/4043"}],"wp:attachment":[{"href":"https:\/\/www.reformatustemplom.com\/hu\/wp-json\/wp\/v2\/media?parent=4007"}],"curies":[{"name":"wp","href":"https:\/\/api.w.org\/{rel}","templated":true}]}}