{"id":190,"date":"2018-04-28T20:39:10","date_gmt":"2018-04-29T03:39:10","guid":{"rendered":"http:\/\/uj.reformatustemplom.com\/new-here\/"},"modified":"2025-03-28T18:28:05","modified_gmt":"2025-03-29T01:28:05","slug":"new-here","status":"publish","type":"page","link":"https:\/\/www.reformatustemplom.com\/hu\/new-here\/","title":{"rendered":"Bemutatkoz\u00e1s"},"content":{"rendered":"<h1><img data-recalc-dims=\"1\" decoding=\"async\" loading=\"lazy\" class=\" wp-image-37 alignleft\" src=\"https:\/\/i0.wp.com\/www.reformatustemplom.com\/wp-content\/uploads\/2018\/04\/Potluck-picnic.jpg?resize=406%2C406&#038;ssl=1\" alt=\"\" width=\"406\" height=\"406\" srcset=\"https:\/\/i0.wp.com\/www.reformatustemplom.com\/wp-content\/uploads\/2018\/04\/Potluck-picnic.jpg?w=3988&amp;ssl=1 3988w, https:\/\/i0.wp.com\/www.reformatustemplom.com\/wp-content\/uploads\/2018\/04\/Potluck-picnic.jpg?resize=150%2C150&amp;ssl=1 150w, https:\/\/i0.wp.com\/www.reformatustemplom.com\/wp-content\/uploads\/2018\/04\/Potluck-picnic.jpg?resize=300%2C300&amp;ssl=1 300w, https:\/\/i0.wp.com\/www.reformatustemplom.com\/wp-content\/uploads\/2018\/04\/Potluck-picnic.jpg?resize=768%2C768&amp;ssl=1 768w, https:\/\/i0.wp.com\/www.reformatustemplom.com\/wp-content\/uploads\/2018\/04\/Potluck-picnic.jpg?resize=1024%2C1024&amp;ssl=1 1024w, https:\/\/i0.wp.com\/www.reformatustemplom.com\/wp-content\/uploads\/2018\/04\/Potluck-picnic.jpg?resize=958%2C958&amp;ssl=1 958w, https:\/\/i0.wp.com\/www.reformatustemplom.com\/wp-content\/uploads\/2018\/04\/Potluck-picnic.jpg?w=1360&amp;ssl=1 1360w, https:\/\/i0.wp.com\/www.reformatustemplom.com\/wp-content\/uploads\/2018\/04\/Potluck-picnic.jpg?w=2040&amp;ssl=1 2040w\"  sizes=\"(max-width: 406px) 100vw, 406px\" \/><\/h1>\n<h3><strong>B\u00c1RHOL IS TARTASZ AZ ISTENNEL VAL\u00d3 KAPCSOLATODBAN, \u00d6R\u00dcL\u00dcNK HA K\u00d6Z\u00c9NK TARTOZOL<\/strong><\/h3>\n<h2><strong>Kik vagyunk?<\/strong><\/h2>\n<p>A San Francisco \u00e9s K\u00f6rny\u00e9ke Reform\u00e1tus Egyh\u00e1z az egyetlen magyar reform\u00e1tus gy\u00fclekezet a San Francisco\u00a0\u00d6b\u00f6l k\u00f6rny\u00e9k\u00e9n. \u00daj otthonra tal\u00e1ltunk, miut\u00e1n megv\u00e1s\u00e1roltuk a Holy Redeemer Lutheran Church ingatlan\u00e1t . Mostant\u00f3l a szolg\u00e1latainkat a 35660 Cedar Blvd., Newark, CA 94560 c\u00edm alatt tartjuk<\/p>\n<h2><strong>Miben hisz\u00fcnk?<\/strong><\/h2>\n<p>A szentir\u00e1st tartjuk az egyetlen hiteles irott forr\u00e1snak, amely \u00fatmutat\u00e1st ad a mindennapokban a hiv\u0151, kereszt\u00e9ny ember sz\u00e1m\u00e1ra. Bizunk benne, hogy a Biblia szavai mind t\u00f6bb emberhez eljutnak.<\/p>\n<h2><strong>Mikor vannak gy\u00fclekezeti alkalmaink?<\/strong><\/h2>\n<p>Istentiszteletet minden vas\u00e1rnap\u00a0 de.11 \u00f3r\u00e1t\u00f3l tartunk, amelyet k\u00f6z\u00f6s gy\u00fclekezeti eb\u00e9d k\u00f6vet.<\/p>\n<p>Gy\u00fclekezeti biblia\u00f3ra k\u00e9thetenk\u00e9nt p\u00e9ntek este 7 \u00f3rakor.<\/p>\n<h2>Hogyan l\u00e9phetsz vel\u00fcnk kapcsolatba?<\/h2>\n<p>Szeretettel h\u00edvunk \u00e9s v\u00e1runk istentiszteleti alkalmainkra a 35660 Cedar Blvd, Newark, CA 94560 c\u00edm alatt vagy v\u00e1rjuk h\u00edv\u00e1sod a 650 365-1535 telefonsz\u00e1mon.<\/p>\n<p><iframe style=\"border: 0;\" src=\"https:\/\/www.google.com\/maps\/embed?pb=!1m23!1m12!1m3!1d3640.9373617161154!2d-122.04164668808637!3d37.551121971925994!2m3!1f0!2f0!3f0!3m2!1i1024!2i768!4f13.1!4m8!3e0!4m0!4m5!1s0x808fbf2bba1d6db9%3A0xd4edc6b5e7afbfce!2sHungarian%20Reformed%20Church%2C%2035660%20Cedar%20Blvd%2C%20Newark%2C%20CA%2094560!3m2!1d37.551043899999996!2d-122.03909329999999!5e1!3m2!1sen!2sus!4v1724996789617!5m2!1sen!2sus\" width=\"600\" height=\"450\" allowfullscreen=\"allowfullscreen\"><\/iframe><\/p>\n","protected":false},"excerpt":{"rendered":"<p>B\u00c1RHOL IS TARTASZ AZ ISTENNEL VAL\u00d3 KAPCSOLATODBAN, \u00d6R\u00dcL\u00dcNK HA K\u00d6Z\u00c9NK TARTOZOL Kik vagyunk? A San Francisco \u00e9s K\u00f6rny\u00e9ke Reform\u00e1tus Egyh\u00e1z az egyetlen magyar reform\u00e1tus gy\u00fclekezet a San Francisco\u00a0\u00d6b\u00f6l k\u00f6rny\u00e9k\u00e9n. \u00daj otthonra tal\u00e1ltunk, miut\u00e1n megv\u00e1s\u00e1roltuk a Holy Redeemer Lutheran Church ingatlan\u00e1t . Mostant\u00f3l a szolg\u00e1latainkat a 35660 Cedar Blvd., Newark, CA 94560 c\u00edm alatt tartjuk Miben [&hellip;]<\/p>\n","protected":false},"author":1,"featured_media":3814,"parent":0,"menu_order":0,"comment_status":"closed","ping_status":"closed","template":"template-content-with-sidebar.php","meta":{"nf_dc_page":"","footnotes":""},"class_list":["post-190","page","type-page","status-publish","has-post-thumbnail","hentry"],"jetpack_shortlink":"https:\/\/wp.me\/P9Ojbt-34","jetpack_sharing_enabled":true,"meta_box":{"imic_strict_no_header":"0","imic_page_topbar_show":"","imic_page_specific_header":"","imic_page_logo_image":[],"imic_page_retina_logo_image":[],"imic_page_retina_logo_image_width":"","imic_page_retina_logo_image_height":"","imic_page_layout":"","imic_content_width":"","imic_content_padding_top":"","imic_content_padding_bottom":"","imic_pages_body_bg_color":"","imic_pages_body_bg_image":[],"imic_pages_body_bg_wide":"1","imic_pages_body_bg_repeat":"repeat","imic_pages_content_bg_color":"","imic_pages_content_bg_image":[],"imic_pages_content_bg_wide":"1","imic_pages_content_bg_repeat":"repeat","imic_page_header_show":"1","imic_pages_Choose_slider_display":"0","imic_header_image":[{"width":150,"height":150,"file":"2019\/04\/welcome-sign-760358_1920.jpg","sizes":{"woocommerce_thumbnail":{"file":"welcome-sign-760358_1920-300x300.jpg","width":300,"height":300,"mime-type":"image\/jpeg","uncropped":false,"filesize":26394,"url":"https:\/\/www.reformatustemplom.com\/wp-content\/uploads\/2019\/04\/welcome-sign-760358_1920-300x300.jpg"},"woocommerce_gallery_thumbnail":{"file":"welcome-sign-760358_1920-100x100.jpg","width":100,"height":100,"mime-type":"image\/jpeg","filesize":4464,"url":"https:\/\/www.reformatustemplom.com\/wp-content\/uploads\/2019\/04\/welcome-sign-760358_1920-100x100.jpg"},"woocommerce_single":{"file":"welcome-sign-760358_1920-600x338.jpg","width":600,"height":338,"mime-type":"image\/jpeg","filesize":55083,"url":"https:\/\/www.reformatustemplom.com\/wp-content\/uploads\/2019\/04\/welcome-sign-760358_1920-600x338.jpg"},"thumbnail":{"file":"welcome-sign-760358_1920-150x150.jpg","width":150,"height":150,"mime-type":"image\/jpeg","filesize":8507,"url":"https:\/\/www.reformatustemplom.com\/wp-content\/uploads\/2019\/04\/welcome-sign-760358_1920-150x150.jpg"},"medium":{"file":"welcome-sign-760358_1920-300x169.jpg","width":300,"height":169,"mime-type":"image\/jpeg","filesize":17313,"url":"https:\/\/www.reformatustemplom.com\/wp-content\/uploads\/2019\/04\/welcome-sign-760358_1920-300x169.jpg"},"medium_large":{"file":"welcome-sign-760358_1920-768x432.jpg","width":768,"height":432,"mime-type":"image\/jpeg","filesize":82261,"url":"https:\/\/www.reformatustemplom.com\/wp-content\/uploads\/2019\/04\/welcome-sign-760358_1920-768x432.jpg"},"large":{"file":"welcome-sign-760358_1920-1024x576.jpg","width":1024,"height":576,"mime-type":"image\/jpeg","filesize":136041,"url":"https:\/\/www.reformatustemplom.com\/wp-content\/uploads\/2019\/04\/welcome-sign-760358_1920-1024x576.jpg"},"600x400":{"file":"welcome-sign-760358_1920-600x400.jpg","width":600,"height":400,"mime-type":"image\/jpeg","filesize":62243,"url":"https:\/\/www.reformatustemplom.com\/wp-content\/uploads\/2019\/04\/welcome-sign-760358_1920-600x400.jpg"},"1000x800":{"file":"welcome-sign-760358_1920-1000x800.jpg","width":1000,"height":800,"mime-type":"image\/jpeg","filesize":177457,"url":"https:\/\/www.reformatustemplom.com\/wp-content\/uploads\/2019\/04\/welcome-sign-760358_1920-1000x800.jpg"},"post-thumbnail":{"file":"welcome-sign-760358_1920-958x539.jpg","width":958,"height":539,"mime-type":"image\/jpeg","filesize":121905,"url":"https:\/\/www.reformatustemplom.com\/wp-content\/uploads\/2019\/04\/welcome-sign-760358_1920-958x539.jpg"},"sow-carousel-default":{"file":"welcome-sign-760358_1920-272x182.jpg","width":272,"height":182,"mime-type":"image\/jpeg","filesize":16407,"url":"https:\/\/www.reformatustemplom.com\/wp-content\/uploads\/2019\/04\/welcome-sign-760358_1920-272x182.jpg"}},"image_meta":{"aperture":"0","credit":"","camera":"","caption":"","created_timestamp":"0","copyright":"","focal_length":"0","iso":"0","shutter_speed":"0","title":"","orientation":"0","keywords":[]},"filesize":692735,"ID":"2668","name":"welcome-sign-760358_1920.jpg","path":"\/home2\/zoltan35\/public_html\/wp-content\/uploads\/2019\/04\/welcome-sign-760358_1920.jpg","url":"https:\/\/i0.wp.com\/www.reformatustemplom.com\/wp-content\/uploads\/2019\/04\/welcome-sign-760358_1920.jpg?resize=150%2C150&ssl=1","full_url":"https:\/\/www.reformatustemplom.com\/wp-content\/uploads\/2019\/04\/welcome-sign-760358_1920.jpg","title":"welcome-sign-760358_1920","caption":"","description":"","alt":"","srcset":"https:\/\/i0.wp.com\/www.reformatustemplom.com\/wp-content\/uploads\/2019\/04\/welcome-sign-760358_1920.jpg?resize=300%2C300&ssl=1 300w, https:\/\/i0.wp.com\/www.reformatustemplom.com\/wp-content\/uploads\/2019\/04\/welcome-sign-760358_1920.jpg?resize=100%2C100&ssl=1 100w, https:\/\/i0.wp.com\/www.reformatustemplom.com\/wp-content\/uploads\/2019\/04\/welcome-sign-760358_1920.jpg?resize=150%2C150&ssl=1 150w, https:\/\/i0.wp.com\/www.reformatustemplom.com\/wp-content\/uploads\/2019\/04\/welcome-sign-760358_1920.jpg?zoom=3&resize=150%2C150&ssl=1 450w"}],"imic_pages_select_revolution_from_list":"","imic_pages_select_smart_from_list":"","imic_pages_slider_height":"","imic_pages_slider_image":[],"imic_pages_slider_auto_slide":"yes","imic_pages_slider_speed":"","imic_pages_slider_pagination":"yes","imic_pages_slider_direction_arrows":"yes","imic_pages_slider_effects":"fade","imic_pages_banner_color":"","imic_pages_breadcrumb_show":"1","imic_pages_title_show":"1","imic_pages_banner_bg_color":"","imic_post_page_custom_title":"","imic_pages_banner_text_color":"","imic_pages_title_alignment":"","imic_page_social_share":"1","imic_select_sidebar_from_list":"inner-sidebar","imic_select_sidebar_position":"1","imic_contact_email":"velinszkylaci@gmail.com","imic_contact_subject":"","imic_our_location_text":"","imic_contact_map_display":"no","imic_contact_map_box_code":"","imic_Choose_slider_display":"0","imic_select_smart_from_list":"","imic_select_revolution_from_list":"","imic_slider_image":[],"imic_slider_auto_slide":"yes","imic_slider_speed":"","imic_slider_pagination":"yes","imic_slider_direction_arrows":"yes","imic_slider_effects":"fade","imic_switch_categories_post":"1","imic_category_to_show_on_home":["6"],"imic_number_of_post_cat":[],"imic_upcoming_area":"1","imic_latest_sermon_events_to_show_on":"letest_event","imic_custom_text_message":"","imic_advanced_event_taxonomy":[],"imic_going_on_events":"1","imic_custom_going_on_events_title":"","imic_advanced_sermons_category":[],"imic_all_event_sermon_url":"","imic_imic_featured_blocks":"1","imic_home_featured_blocks":"","imic_home_row_featured_blocks":[],"imic_home_featured_blocks1":"","imic_home_featured_blocks2":"","imic_home_featured_blocks3":"","imic_imic_upcoming_events":"1","imic_upcoming_event_taxonomy":[],"imic_custom_upcoming_events_title":"","imic_events_to_show_on":"","imic_imic_recent_posts":"1","imic_recent_post_taxonomy":[],"imic_custom_latest_news_title":"","imic_posts_to_show_on":"","imic_recent_posts_rmbutton":"2","imic_recent_posts_rmbutton_text":"","imic_imic_galleries":"1","imic_home_gallery_taxonomy":[],"imic_custom_gallery_title":"","imic_custom_more_galleries_title":"","imic_custom_more_galleries_url":"","imic_galleries_to_show_on":"","imic_galleries_background_image":[],"imic_switch_sermon_album":"1","imic_custom_albums_title":"","imic_number_of_sermon_albums":"","imic_sermon_albums_url":"","imic_gallery_pagination_to_show_on":"","imic_gallery_pagination_columns_layout":"","imic_show_gallery_title":"0","imic_gallery_masonry_to_show_on":"","imic_show_gallery_title_masonry":"0","imic_gallery_filter_columns_layout":"3","imic_show_gallery_title_filter":"0","imic_advanced_gallery_taxonomy":[],"imic_advanced_event_list_taxonomy":[],"imic_advanced_post_taxonomy":[],"imic_advanced_blog_taxonomy":[],"imic_staff_to_show_on":"","imic_staff_grid_column":"4","imic_advanced_staff_taxonomy":[],"imic_staff_select_orderby":"ID","imic_staff_select_order":"ASC","imic_staff_excerpt_length":"","imic_events_timeline_view":"future","imic_event_timeline_per_page":"","imic_blog_masonry_thumbnails":"0","imic_albums_select_orderby":"count","imic_albums_select_order":"ASC","imic_sermon_categories_custom_order":[]},"_links":{"self":[{"href":"https:\/\/www.reformatustemplom.com\/hu\/wp-json\/wp\/v2\/pages\/190","targetHints":{"allow":["GET"]}}],"collection":[{"href":"https:\/\/www.reformatustemplom.com\/hu\/wp-json\/wp\/v2\/pages"}],"about":[{"href":"https:\/\/www.reformatustemplom.com\/hu\/wp-json\/wp\/v2\/types\/page"}],"author":[{"embeddable":true,"href":"https:\/\/www.reformatustemplom.com\/hu\/wp-json\/wp\/v2\/users\/1"}],"replies":[{"embeddable":true,"href":"https:\/\/www.reformatustemplom.com\/hu\/wp-json\/wp\/v2\/comments?post=190"}],"version-history":[{"count":6,"href":"https:\/\/www.reformatustemplom.com\/hu\/wp-json\/wp\/v2\/pages\/190\/revisions"}],"predecessor-version":[{"id":6559,"href":"https:\/\/www.reformatustemplom.com\/hu\/wp-json\/wp\/v2\/pages\/190\/revisions\/6559"}],"wp:featuredmedia":[{"embeddable":true,"href":"https:\/\/www.reformatustemplom.com\/hu\/wp-json\/wp\/v2\/media\/3814"}],"wp:attachment":[{"href":"https:\/\/www.reformatustemplom.com\/hu\/wp-json\/wp\/v2\/media?parent=190"}],"curies":[{"name":"wp","href":"https:\/\/api.w.org\/{rel}","templated":true}]}}