{"id":141,"date":"2018-04-28T22:01:59","date_gmt":"2018-04-29T05:01:59","guid":{"rendered":"http:\/\/uj.reformatustemplom.com\/?page_id=141"},"modified":"2019-05-07T03:19:14","modified_gmt":"2019-05-07T10:19:14","slug":"onkentes","status":"publish","type":"page","link":"https:\/\/www.reformatustemplom.com\/hu\/onkentes\/","title":{"rendered":"\u00d6nk\u00e9ntes seg\u00edts\u00e9g"},"content":{"rendered":"<div>Folyamatosan sz\u00fcks\u00e9g\u00fcnk van seg\u00edt\u0151 kezekre:<\/div>\n<ul>\n<li>\u00a0szervez\u00e9si, marketing, social m\u00e9dia, h\u00edrlev\u00e9l \u00edr\u00e1s \u00e9s\/vagy szerkeszt\u00e9s, adminisztr\u00e1ci\u00f3s ter\u00fcleten,<\/li>\n<li>\u00a0rendezv\u00e9nyeinkkel kapcsolatos el\u0151k\u00e9sz\u00fcleti, lebonyol\u00edt\u00e1si, beszerz\u00e9si &amp; pakol\u00e1si munk\u00e1k kapcs\u00e1n<\/li>\n<li>\u00a0vas\u00e1rnapi eb\u00e9d elk\u00e9sz\u00edt\u00e9s\u00e9ben \u00e9s lebonyol\u00edt\u00e1s\u00e1ban<\/li>\n<li>\u00a0gyereksarok \u00e9s gyermek programok szervez\u00e9s\u00e9ben<\/li>\n<li>\u00a0vagy b\u00e1rmilyen m\u00e1s szolgalatban, amelyre az \u00dar talentumot \u00e9s elh\u00edv\u00e1st ad ak\u00e1r eseti, ak\u00e1r\u00a0 folyamatos szolg\u00e1lat keret\u00e9ben.<\/li>\n<\/ul>\n<div>A fentiekkel kapcsolatban \u00e9rdekl\u0151dni \u00e9s jelentkezni a templom[kukac]reformatustemplom.com email c\u00edmen vagy a 650 365-1535 telefonsz\u00e1mon lehet.<\/div>\n<div><\/div>\n<div><\/div>\n<div style=\"text-align: center;\"><em>&#8220;A lelki adom\u00e1nyok ugyan k\u00fcl\u00f6nf\u00e9l\u00e9k, a L\u00e9lek azonban ugyanaz.\u00a0A szolg\u00e1latok is k\u00fcl\u00f6nf\u00e9l\u00e9k, de az \u00dar ugyanaz.&#8221; (I Kor 12, 4-5)\u00a0<\/em><\/div>\n","protected":false},"excerpt":{"rendered":"<p>Folyamatosan sz\u00fcks\u00e9g\u00fcnk van seg\u00edt\u0151 kezekre: \u00a0szervez\u00e9si, marketing, social m\u00e9dia, h\u00edrlev\u00e9l \u00edr\u00e1s \u00e9s\/vagy szerkeszt\u00e9s, adminisztr\u00e1ci\u00f3s ter\u00fcleten, \u00a0rendezv\u00e9nyeinkkel kapcsolatos el\u0151k\u00e9sz\u00fcleti, lebonyol\u00edt\u00e1si, beszerz\u00e9si &amp; pakol\u00e1si munk\u00e1k kapcs\u00e1n \u00a0vas\u00e1rnapi eb\u00e9d elk\u00e9sz\u00edt\u00e9s\u00e9ben \u00e9s lebonyol\u00edt\u00e1s\u00e1ban \u00a0gyereksarok \u00e9s gyermek programok szervez\u00e9s\u00e9ben \u00a0vagy b\u00e1rmilyen m\u00e1s szolgalatban, amelyre az \u00dar talentumot \u00e9s elh\u00edv\u00e1st ad ak\u00e1r eseti, ak\u00e1r\u00a0 folyamatos szolg\u00e1lat keret\u00e9ben. A fentiekkel kapcsolatban \u00e9rdekl\u0151dni [&hellip;]<\/p>\n","protected":false},"author":1,"featured_media":0,"parent":0,"menu_order":0,"comment_status":"closed","ping_status":"closed","template":"template-content-with-sidebar.php","meta":{"nf_dc_page":"","footnotes":""},"class_list":["post-141","page","type-page","status-publish","hentry"],"jetpack_shortlink":"https:\/\/wp.me\/P9Ojbt-2h","jetpack_sharing_enabled":true,"meta_box":{"imic_strict_no_header":"","imic_page_topbar_show":"","imic_page_specific_header":"","imic_page_logo_image":[],"imic_page_retina_logo_image":[],"imic_page_retina_logo_image_width":"","imic_page_retina_logo_image_height":"","imic_page_layout":"","imic_content_width":"","imic_content_padding_top":"","imic_content_padding_bottom":"","imic_pages_body_bg_color":"","imic_pages_body_bg_image":[],"imic_pages_body_bg_wide":"","imic_pages_body_bg_repeat":"","imic_pages_content_bg_color":"","imic_pages_content_bg_image":[],"imic_pages_content_bg_wide":"","imic_pages_content_bg_repeat":"","imic_page_header_show":"","imic_pages_Choose_slider_display":"0","imic_header_image":[],"imic_pages_select_revolution_from_list":"","imic_pages_select_smart_from_list":"","imic_pages_slider_height":"","imic_pages_slider_image":[],"imic_pages_slider_auto_slide":"yes","imic_pages_slider_speed":"","imic_pages_slider_pagination":"yes","imic_pages_slider_direction_arrows":"yes","imic_pages_slider_effects":"fade","imic_pages_banner_color":"","imic_pages_breadcrumb_show":"","imic_pages_title_show":"","imic_pages_banner_bg_color":"","imic_post_page_custom_title":"","imic_pages_banner_text_color":"","imic_pages_title_alignment":"","imic_page_social_share":"","imic_select_sidebar_from_list":"inner-sidebar","imic_select_sidebar_position":"1","imic_contact_email":"velinszkylaci@gmail.com","imic_contact_subject":"","imic_our_location_text":"","imic_contact_map_display":"no","imic_contact_map_box_code":"","imic_Choose_slider_display":"0","imic_select_smart_from_list":"","imic_select_revolution_from_list":"","imic_slider_image":[],"imic_slider_auto_slide":"yes","imic_slider_speed":"","imic_slider_pagination":"yes","imic_slider_direction_arrows":"yes","imic_slider_effects":"fade","imic_switch_categories_post":"1","imic_category_to_show_on_home":["6"],"imic_number_of_post_cat":[],"imic_upcoming_area":"1","imic_latest_sermon_events_to_show_on":"letest_event","imic_custom_text_message":"","imic_advanced_event_taxonomy":[],"imic_going_on_events":"1","imic_custom_going_on_events_title":"","imic_advanced_sermons_category":[],"imic_all_event_sermon_url":"","imic_imic_featured_blocks":"1","imic_home_featured_blocks":"","imic_home_row_featured_blocks":[],"imic_home_featured_blocks1":"","imic_home_featured_blocks2":"","imic_home_featured_blocks3":"","imic_imic_upcoming_events":"1","imic_upcoming_event_taxonomy":[],"imic_custom_upcoming_events_title":"","imic_events_to_show_on":"","imic_imic_recent_posts":"1","imic_recent_post_taxonomy":[],"imic_custom_latest_news_title":"","imic_posts_to_show_on":"","imic_recent_posts_rmbutton":"2","imic_recent_posts_rmbutton_text":"","imic_imic_galleries":"1","imic_home_gallery_taxonomy":[],"imic_custom_gallery_title":"","imic_custom_more_galleries_title":"","imic_custom_more_galleries_url":"","imic_galleries_to_show_on":"","imic_galleries_background_image":[],"imic_switch_sermon_album":"1","imic_custom_albums_title":"","imic_number_of_sermon_albums":"","imic_sermon_albums_url":"","imic_gallery_pagination_to_show_on":"","imic_gallery_pagination_columns_layout":"","imic_show_gallery_title":"0","imic_gallery_masonry_to_show_on":"","imic_show_gallery_title_masonry":"0","imic_gallery_filter_columns_layout":"3","imic_show_gallery_title_filter":"0","imic_advanced_gallery_taxonomy":[],"imic_advanced_event_list_taxonomy":[],"imic_advanced_post_taxonomy":[],"imic_advanced_blog_taxonomy":[],"imic_staff_to_show_on":"","imic_staff_grid_column":"","imic_advanced_staff_taxonomy":[],"imic_staff_select_orderby":"ID","imic_staff_select_order":"","imic_staff_excerpt_length":"","imic_events_timeline_view":"future","imic_event_timeline_per_page":"","imic_blog_masonry_thumbnails":"0","imic_albums_select_orderby":"count","imic_albums_select_order":"ASC","imic_sermon_categories_custom_order":[]},"_links":{"self":[{"href":"https:\/\/www.reformatustemplom.com\/hu\/wp-json\/wp\/v2\/pages\/141","targetHints":{"allow":["GET"]}}],"collection":[{"href":"https:\/\/www.reformatustemplom.com\/hu\/wp-json\/wp\/v2\/pages"}],"about":[{"href":"https:\/\/www.reformatustemplom.com\/hu\/wp-json\/wp\/v2\/types\/page"}],"author":[{"embeddable":true,"href":"https:\/\/www.reformatustemplom.com\/hu\/wp-json\/wp\/v2\/users\/1"}],"replies":[{"embeddable":true,"href":"https:\/\/www.reformatustemplom.com\/hu\/wp-json\/wp\/v2\/comments?post=141"}],"version-history":[{"count":6,"href":"https:\/\/www.reformatustemplom.com\/hu\/wp-json\/wp\/v2\/pages\/141\/revisions"}],"predecessor-version":[{"id":2863,"href":"https:\/\/www.reformatustemplom.com\/hu\/wp-json\/wp\/v2\/pages\/141\/revisions\/2863"}],"wp:attachment":[{"href":"https:\/\/www.reformatustemplom.com\/hu\/wp-json\/wp\/v2\/media?parent=141"}],"curies":[{"name":"wp","href":"https:\/\/api.w.org\/{rel}","templated":true}]}}