{"id":117,"date":"2018-04-25T21:17:49","date_gmt":"2018-04-26T04:17:49","guid":{"rendered":"http:\/\/uj.reformatustemplom.com\/?page_id=117"},"modified":"2024-01-06T12:21:08","modified_gmt":"2024-01-06T20:21:08","slug":"adakozas","status":"publish","type":"page","link":"https:\/\/www.reformatustemplom.com\/hu\/adakozas\/","title":{"rendered":"Adakoz\u00e1s"},"content":{"rendered":"\n<h2 class=\"wp-block-heading\">Adom\u00e1ny\u00e1val t\u00e1mogassa egyh\u00e1zunk<\/h2>\n\n\n\n<p>A San Francisco \u00e9s K\u00f6rny\u00e9ke Magyar Reform\u00e1tus Egyh\u00e1z c\u00e9lja Isten Ig\u00e9j\u00e9nek hirdet\u00e9se \u00e9s terjeszt\u00e9se a San Francisco \u00f6b\u00f6l-k\u00f6rny\u00e9k magyars\u00e1ga k\u00f6z\u00f6tt. Misszi\u00f3nk hat\u00e1s\u00e1ra sok testv\u00e9r\u00fcnk \u00e9lete fordult jobb ir\u00e1nyba, tal\u00e1lt\u00e1k meg az Urat. Istentiszteleteink, egyh\u00e1zi \u00e9s t\u00e1rsadalmi jelleg\u0171 rendezv\u00e9nyeink mind azt a c\u00e9lt szolg\u00e1lj\u00e1k, hogy Istent keres\u0151k gy\u00fclekezet\u00fcnkben igazi otthonra tal\u00e1ljanak.<br>Nemes adom\u00e1ny\u00e1val \u00d6n is hozz\u00e1j\u00e1rul hivat\u00e1sunk bet\u00f6lt\u00e9s\u00e9hez! Sz\u00edvb\u0151l k\u00f6sz\u00f6nj\u00fck t\u00e1mogat\u00e1s\u00e1t!<br>Az \u00dar Isten \u00e1ldja meg \u00d6nt!<\/p>\n\n\n\n<p><\/p>\n\n\n\n<form action=\"https:\/\/www.paypal.com\/donate\" method=\"post\" target=\"_top\">\n\n<input type=\"hidden\" name=\"hosted_button_id\" value=\"PRGRJS4YHNGDQ\" \/>\n\n<input type=\"image\" src=\"https:\/\/www.paypalobjects.com\/en_US\/i\/btn\/btn_donateCC_LG.gif\" border=\"0\" name=\"submit\" title=\"PayPal - The safer, easier way to pay online!\" alt=\"Donate with PayPal button\" \/>\n\n<img data-recalc-dims=\"1\" decoding=\"async\" loading=\"lazy\" alt=\"\" border=\"0\" src=\"https:\/\/i0.wp.com\/www.paypal.com\/en_US\/i\/scr\/pixel.gif?resize=1%2C1&#038;ssl=1\" width=\"1\" height=\"1\" \/>\n\n<\/form>\n\n\n\n<p><\/p>\n\n\n\n<p><\/p>\n","protected":false},"excerpt":{"rendered":"<p>Adom\u00e1ny\u00e1val t\u00e1mogassa egyh\u00e1zunk A San Francisco \u00e9s K\u00f6rny\u00e9ke Magyar Reform\u00e1tus Egyh\u00e1z c\u00e9lja Isten Ig\u00e9j\u00e9nek hirdet\u00e9se \u00e9s terjeszt\u00e9se a San Francisco \u00f6b\u00f6l-k\u00f6rny\u00e9k magyars\u00e1ga k\u00f6z\u00f6tt. Misszi\u00f3nk hat\u00e1s\u00e1ra sok testv\u00e9r\u00fcnk \u00e9lete fordult jobb ir\u00e1nyba, tal\u00e1lt\u00e1k meg az Urat. Istentiszteleteink, egyh\u00e1zi \u00e9s t\u00e1rsadalmi jelleg\u0171 rendezv\u00e9nyeink mind azt a c\u00e9lt szolg\u00e1lj\u00e1k, hogy Istent keres\u0151k gy\u00fclekezet\u00fcnkben igazi otthonra tal\u00e1ljanak.Nemes adom\u00e1ny\u00e1val \u00d6n [&hellip;]<\/p>\n","protected":false},"author":1,"featured_media":121,"parent":0,"menu_order":0,"comment_status":"closed","ping_status":"closed","template":"","meta":{"nf_dc_page":"","footnotes":""},"class_list":["post-117","page","type-page","status-publish","has-post-thumbnail","hentry"],"jetpack_shortlink":"https:\/\/wp.me\/P9Ojbt-1T","jetpack_sharing_enabled":true,"meta_box":{"imic_strict_no_header":"0","imic_page_topbar_show":"","imic_page_specific_header":"","imic_page_logo_image":[],"imic_page_retina_logo_image":[],"imic_page_retina_logo_image_width":"","imic_page_retina_logo_image_height":"","imic_page_layout":"","imic_content_width":"","imic_content_padding_top":"","imic_content_padding_bottom":"","imic_pages_body_bg_color":"","imic_pages_body_bg_image":[],"imic_pages_body_bg_wide":"1","imic_pages_body_bg_repeat":"repeat","imic_pages_content_bg_color":"","imic_pages_content_bg_image":[],"imic_pages_content_bg_wide":"1","imic_pages_content_bg_repeat":"repeat","imic_page_header_show":"1","imic_pages_Choose_slider_display":"0","imic_header_image":[{"width":150,"height":150,"file":"2018\/04\/diego-ph-209301-unsplash.jpg","sizes":{"thumbnail":{"file":"diego-ph-209301-unsplash-150x150.jpg","width":150,"height":150,"mime-type":"image\/jpeg","url":"https:\/\/www.reformatustemplom.com\/wp-content\/uploads\/2018\/04\/diego-ph-209301-unsplash-150x150.jpg"},"medium":{"file":"diego-ph-209301-unsplash-300x200.jpg","width":300,"height":200,"mime-type":"image\/jpeg","url":"https:\/\/www.reformatustemplom.com\/wp-content\/uploads\/2018\/04\/diego-ph-209301-unsplash-300x200.jpg"},"medium_large":{"file":"diego-ph-209301-unsplash-768x512.jpg","width":768,"height":512,"mime-type":"image\/jpeg","url":"https:\/\/www.reformatustemplom.com\/wp-content\/uploads\/2018\/04\/diego-ph-209301-unsplash-768x512.jpg"},"large":{"file":"diego-ph-209301-unsplash-1024x683.jpg","width":1024,"height":683,"mime-type":"image\/jpeg","url":"https:\/\/www.reformatustemplom.com\/wp-content\/uploads\/2018\/04\/diego-ph-209301-unsplash-1024x683.jpg"},"post-thumbnail":{"file":"diego-ph-209301-unsplash-958x639.jpg","width":958,"height":639,"mime-type":"image\/jpeg","url":"https:\/\/www.reformatustemplom.com\/wp-content\/uploads\/2018\/04\/diego-ph-209301-unsplash-958x639.jpg"},"600x400":{"file":"diego-ph-209301-unsplash-600x400.jpg","width":600,"height":400,"mime-type":"image\/jpeg","url":"https:\/\/www.reformatustemplom.com\/wp-content\/uploads\/2018\/04\/diego-ph-209301-unsplash-600x400.jpg"},"1000x800":{"file":"diego-ph-209301-unsplash-1000x800.jpg","width":1000,"height":800,"mime-type":"image\/jpeg","url":"https:\/\/www.reformatustemplom.com\/wp-content\/uploads\/2018\/04\/diego-ph-209301-unsplash-1000x800.jpg"},"sow-carousel-default":{"file":"diego-ph-209301-unsplash-272x182.jpg","width":272,"height":182,"mime-type":"image\/jpeg","url":"https:\/\/www.reformatustemplom.com\/wp-content\/uploads\/2018\/04\/diego-ph-209301-unsplash-272x182.jpg"}},"image_meta":{"aperture":"0","credit":"","camera":"","caption":"","created_timestamp":"0","copyright":"","focal_length":"0","iso":"0","shutter_speed":"0","title":"","orientation":"0","keywords":[]},"ID":"121","name":"diego-ph-209301-unsplash.jpg","path":"\/home2\/zoltan35\/public_html\/wp-content\/uploads\/2018\/04\/diego-ph-209301-unsplash.jpg","url":"https:\/\/i0.wp.com\/www.reformatustemplom.com\/wp-content\/uploads\/2018\/04\/diego-ph-209301-unsplash.jpg?resize=150%2C150&ssl=1","full_url":"https:\/\/www.reformatustemplom.com\/wp-content\/uploads\/2018\/04\/diego-ph-209301-unsplash.jpg","title":"Give","caption":"","description":"","alt":"","srcset":"https:\/\/i0.wp.com\/www.reformatustemplom.com\/wp-content\/uploads\/2018\/04\/diego-ph-209301-unsplash.jpg?resize=150%2C150&ssl=1 150w, https:\/\/i0.wp.com\/www.reformatustemplom.com\/wp-content\/uploads\/2018\/04\/diego-ph-209301-unsplash.jpg?zoom=2&resize=150%2C150&ssl=1 300w, https:\/\/i0.wp.com\/www.reformatustemplom.com\/wp-content\/uploads\/2018\/04\/diego-ph-209301-unsplash.jpg?zoom=3&resize=150%2C150&ssl=1 450w"}],"imic_pages_select_revolution_from_list":"","imic_pages_select_smart_from_list":"","imic_pages_slider_height":"","imic_pages_slider_image":[],"imic_pages_slider_auto_slide":"yes","imic_pages_slider_speed":"","imic_pages_slider_pagination":"yes","imic_pages_slider_direction_arrows":"yes","imic_pages_slider_effects":"fade","imic_pages_banner_color":"","imic_pages_breadcrumb_show":"1","imic_pages_title_show":"1","imic_pages_banner_bg_color":"","imic_post_page_custom_title":"","imic_pages_banner_text_color":"","imic_pages_title_alignment":"","imic_page_social_share":"1","imic_select_sidebar_from_list":"","imic_select_sidebar_position":"","imic_contact_email":"velinszkylaci@gmail.com","imic_contact_subject":"","imic_our_location_text":"","imic_contact_map_display":"no","imic_contact_map_box_code":"","imic_Choose_slider_display":"0","imic_select_smart_from_list":"","imic_select_revolution_from_list":"","imic_slider_image":[],"imic_slider_auto_slide":"yes","imic_slider_speed":"","imic_slider_pagination":"yes","imic_slider_direction_arrows":"yes","imic_slider_effects":"fade","imic_switch_categories_post":"1","imic_category_to_show_on_home":["6"],"imic_number_of_post_cat":[],"imic_upcoming_area":"1","imic_latest_sermon_events_to_show_on":"letest_event","imic_custom_text_message":"","imic_advanced_event_taxonomy":[],"imic_going_on_events":"1","imic_custom_going_on_events_title":"","imic_advanced_sermons_category":[],"imic_all_event_sermon_url":"","imic_imic_featured_blocks":"1","imic_home_featured_blocks":"","imic_home_row_featured_blocks":[],"imic_home_featured_blocks1":"","imic_home_featured_blocks2":"","imic_home_featured_blocks3":"","imic_imic_upcoming_events":"1","imic_upcoming_event_taxonomy":[],"imic_custom_upcoming_events_title":"","imic_events_to_show_on":"","imic_imic_recent_posts":"1","imic_recent_post_taxonomy":[],"imic_custom_latest_news_title":"","imic_posts_to_show_on":"","imic_recent_posts_rmbutton":"2","imic_recent_posts_rmbutton_text":"","imic_imic_galleries":"1","imic_home_gallery_taxonomy":[],"imic_custom_gallery_title":"","imic_custom_more_galleries_title":"","imic_custom_more_galleries_url":"","imic_galleries_to_show_on":"","imic_galleries_background_image":[],"imic_switch_sermon_album":"1","imic_custom_albums_title":"","imic_number_of_sermon_albums":"","imic_sermon_albums_url":"","imic_gallery_pagination_to_show_on":"","imic_gallery_pagination_columns_layout":"","imic_show_gallery_title":"0","imic_gallery_masonry_to_show_on":"","imic_show_gallery_title_masonry":"0","imic_gallery_filter_columns_layout":"3","imic_show_gallery_title_filter":"0","imic_advanced_gallery_taxonomy":[],"imic_advanced_event_list_taxonomy":[],"imic_advanced_post_taxonomy":[],"imic_advanced_blog_taxonomy":[],"imic_staff_to_show_on":"","imic_staff_grid_column":"4","imic_advanced_staff_taxonomy":[],"imic_staff_select_orderby":"ID","imic_staff_select_order":"ASC","imic_staff_excerpt_length":"","imic_events_timeline_view":"future","imic_event_timeline_per_page":"","imic_blog_masonry_thumbnails":"0","imic_albums_select_orderby":"count","imic_albums_select_order":"ASC","imic_sermon_categories_custom_order":[]},"_links":{"self":[{"href":"https:\/\/www.reformatustemplom.com\/hu\/wp-json\/wp\/v2\/pages\/117","targetHints":{"allow":["GET"]}}],"collection":[{"href":"https:\/\/www.reformatustemplom.com\/hu\/wp-json\/wp\/v2\/pages"}],"about":[{"href":"https:\/\/www.reformatustemplom.com\/hu\/wp-json\/wp\/v2\/types\/page"}],"author":[{"embeddable":true,"href":"https:\/\/www.reformatustemplom.com\/hu\/wp-json\/wp\/v2\/users\/1"}],"replies":[{"embeddable":true,"href":"https:\/\/www.reformatustemplom.com\/hu\/wp-json\/wp\/v2\/comments?post=117"}],"version-history":[{"count":11,"href":"https:\/\/www.reformatustemplom.com\/hu\/wp-json\/wp\/v2\/pages\/117\/revisions"}],"predecessor-version":[{"id":6104,"href":"https:\/\/www.reformatustemplom.com\/hu\/wp-json\/wp\/v2\/pages\/117\/revisions\/6104"}],"wp:featuredmedia":[{"embeddable":true,"href":"https:\/\/www.reformatustemplom.com\/hu\/wp-json\/wp\/v2\/media\/121"}],"wp:attachment":[{"href":"https:\/\/www.reformatustemplom.com\/hu\/wp-json\/wp\/v2\/media?parent=117"}],"curies":[{"name":"wp","href":"https:\/\/api.w.org\/{rel}","templated":true}]}}